{"id":4285,"date":"2023-01-19T16:26:29","date_gmt":"2023-01-19T13:26:29","guid":{"rendered":"https:\/\/kplegal.com.tr\/?page_id=4285"},"modified":"2023-01-20T17:16:12","modified_gmt":"2023-01-20T14:16:12","slug":"cookie-policy-2","status":"publish","type":"page","link":"https:\/\/kplegal.com.tr\/en\/cookie-policy-2\/","title":{"rendered":"Cookie Policy"},"content":{"rendered":"\t\t<div data-elementor-type=\"wp-page\" data-elementor-id=\"4285\" class=\"elementor elementor-4285 elementor-4244\" data-elementor-post-type=\"page\">\n\t\t\t\t\t\t<section class=\"elementor-section elementor-top-section elementor-element elementor-element-71505fc7 elementor-section-boxed elementor-section-height-default elementor-section-height-default\" data-id=\"71505fc7\" data-element_type=\"section\">\n\t\t\t\t\t\t<div class=\"elementor-container elementor-column-gap-default\">\n\t\t\t\t\t<div class=\"elementor-column elementor-col-100 elementor-top-column elementor-element elementor-element-4fc05835\" data-id=\"4fc05835\" data-element_type=\"column\">\n\t\t\t<div class=\"elementor-widget-wrap elementor-element-populated\">\n\t\t\t\t\t\t<div class=\"elementor-element elementor-element-3a5bb494 elementor-widget elementor-widget-text-editor\" data-id=\"3a5bb494\" data-element_type=\"widget\" data-widget_type=\"text-editor.default\">\n\t\t\t\t<div class=\"elementor-widget-container\">\n\t\t\t\t\t\t\t\t\t<h2 style=\"text-align: center;\">K&amp;P LEGAL LAW FIRM THE COOKIE POLICY WITHIN THE SCOPE OF PROTECTION OF PERSONAL DATA ACT (KVKK)<\/h2>\n<b>K&amp;P LEGAL LAW FIRM<\/b><span style=\"font-weight: 400;\"> \/Erdal KARDAS \u2013 Yelda Topuz KARDAS Attorney Partnership (\u201cLaw Firm\u201d), owns small data files that allow users to save and collect certain data to their computers, mobile phones, tablets or other devices used during the access to the websites, electronic platforms, applications or e-mail messages or advertisements sent by the Law Firm. These data files placed on computers and other devices may be cookies, pixel tags, flash cookies and web beacons, as well as other similar technologies for data storage. \u201cCookie\u201d term is used to refer to cookies and similar technologies that may be used by the Law Firm in this Policy. Although it is possible to collect personal data through cookies, any data collected through cookies may not be personal data. For this reason, it should be taken into consideration that the data obtained through cookies will only be considered within the scope of this Law and the Protection of Personal Data Act (KVKK) to the extent that they constitute personal data under Turkish law.    \n<b><\/b><\/span>\n\n<b>1. Types of Cookies\n<\/b>\n\n<span style=\"font-weight: 400;\">Cookies can be classified by time or by the domain name they belong to, cookies are divided into session cookies and permanent cookies if they are classified in time. Session cookies are cookies that are deleted when the user closes the browser, while persistent cookies are cookies left on the user&#8217;s computer\/device for a predetermined period. If cookies are classified according to the domain they belong to, they are divided into related party cookie and third-party cookie. Cookies are placed by the visited area are called related party cookies, while cookies are placed by a different area visited are referred to as third party cookies. A third-party cookie is available if people outside the visited area place cookies on the user&#8217;s device over the visited area.     \n<b><\/b><\/span>\n\n<b>Usage Purpose of Cookies\n<\/b>\n\n<span style=\"font-weight: 400;\">The Law Firm may use the cookies in its websites, platforms, applications, advertisements, and messages for the purposes stated below.\n<\/span>\n\n<b> a- Usage of Operational Purpose:<\/b><span style=\"font-weight: 400;\">We may use cookies that we deem necessary for the administration and security of the Law Firm&#8217;s website, platforms, applications, and services. Examples of cookies used for operational purposes include technologies that enable the use of the functions on the website, applications and platforms, and cookies used to detect irregular behavior in these channels. <\/span>\n\n<b> b- Usage for Functionality:<\/b><span style=\"font-weight: 400;\">The Law Firm may use cookies to facilitate the use of its website, platforms, applications and services and to customize it for users. Examples of technologies that enable us to remember user information and preferences are cookies that use functionality. <\/span>\n\n<b> c- Performance oriented Usage:<\/b><span style=\"font-weight: 400;\">The Law Firm may use cookies to increase and measure the performance of the Law Firm&#8217;s website, applications, platforms and services. Examples of cookies used for this purpose include technologies that enable us to understand how users use the Law Firm&#8217;s website, applications, platforms, and services, and to understand whether they are interacting with the messages we send with cookies that allow us to analyze user behavior. <\/span>\n\n<b> d- Usage for Advertising purposes:<\/b><span style=\"font-weight: 400;\"> We may use party cookies and third-party cookies related to the Law Firm or any third party&#8217;s web site, platform and applications to transmit ads and similar content to the interests of the users. Examples of advertising purposes include cookies that measure the effectiveness of ads, and cookies showing whether a particular ad was clicked or the number of times the ad was displayed. \n<b><\/b><\/span>\n\n<b>3. Rejecting and Deleting Cookies:<\/b>\n\n<span style=\"font-weight: 400;\">While most browsers allow the use of cookies, users can change or delete cookies at any time by changing their browser settings. The method of changing the settings depends on the browser used, and how the cookies can be disabled should be learned from the service provider for the used browser. \n<\/span>\n\n<span style=\"font-weight: 400;\">If cookies are disabled, some features of the Law Firm website, applications, platforms and services may not be utilized.\n<b><\/b><\/span>\n\n<b>4. Authorized Service Providers\n<\/b>\n\n<span style=\"font-weight: 400;\">We may obtain assistance from some service providers that we authorize to conduct and promote the Law Firm&#8217;s website, platforms and applications and services. These service providers will be able to place cookies and similar technologies (third party cookies) on the user&#8217;s computer \/ device and collect information such as the IP address, unique identifier and device identifier to identify the user device. \n<b><\/b><\/span>\n\n<b>5. Third Party Site, Products and Services\n<\/b>\n\n<span style=\"font-weight: 400;\">Law Firm websites, platforms and applications may contain links to third party websites, products and services. These links are subject to the privacy policies of third parties and should be aware that the third party and third-party sites are independent of the Law Firm and that the Law Firm is not responsible for the privacy practices of third parties. In case of visiting the linked websites, we recommend reading the privacy policies of these sites.  \n<\/span>\n\n<b> K&amp;P LEGAL LAW FIRM <\/b>\n\n&nbsp;\t\t\t\t\t\t\t\t<\/div>\n\t\t\t\t<\/div>\n\t\t\t\t\t<\/div>\n\t\t<\/div>\n\t\t\t\t\t<\/div>\n\t\t<\/section>\n\t\t\t\t<\/div>\n\t\t","protected":false},"excerpt":{"rendered":"<p>K&amp;P LEGAL LAW FIRM THE COOKIE POLICY WITHIN THE SCOPE OF PROTECTION OF PERSONAL DATA ACT (KVKK) K&amp;P LEGAL LAW FIRM \/Erdal KARDAS \u2013 Yelda Topuz KARDAS Attorney Partnership (\u201cLaw Firm\u201d), owns small data files that allow users to save and collect certain data to their computers, mobile phones, tablets or other devices used during [&hellip;]<\/p>\n","protected":false},"author":9,"featured_media":0,"parent":0,"menu_order":0,"comment_status":"closed","ping_status":"closed","template":"","meta":{"_acf_changed":false,"footnotes":""},"class_list":["post-4285","page","type-page","status-publish","hentry"],"acf":[],"yoast_head":"<!-- This site is optimized with the Yoast SEO plugin v27.3 - https:\/\/yoast.com\/product\/yoast-seo-wordpress\/ -->\n<title>Cookie Policy | K&amp;P Legal | Global Hukuk B\u00fcrosu<\/title>\n<meta name=\"robots\" content=\"index, follow, max-snippet:-1, max-image-preview:large, max-video-preview:-1\" \/>\n<link rel=\"canonical\" href=\"https:\/\/kplegal.com.tr\/en\/cookie-policy-2\/\" \/>\n<meta property=\"og:locale\" content=\"en_US\" \/>\n<meta property=\"og:type\" content=\"article\" \/>\n<meta property=\"og:title\" content=\"Cookie Policy | K&amp;P Legal | Global Hukuk B\u00fcrosu\" \/>\n<meta property=\"og:description\" content=\"K&amp;P LEGAL LAW FIRM THE COOKIE POLICY WITHIN THE SCOPE OF PROTECTION OF PERSONAL DATA ACT (KVKK) K&amp;P LEGAL LAW FIRM \/Erdal KARDAS \u2013 Yelda Topuz KARDAS Attorney Partnership (\u201cLaw Firm\u201d), owns small data files that allow users to save and collect certain data to their computers, mobile phones, tablets or other devices used during [&hellip;]\" \/>\n<meta property=\"og:url\" content=\"https:\/\/kplegal.com.tr\/en\/cookie-policy-2\/\" \/>\n<meta property=\"og:site_name\" content=\"K&amp;P Legal | Global Hukuk B\u00fcrosu\" \/>\n<meta property=\"article:publisher\" content=\"https:\/\/www.facebook.com\/KPLegalTurkey\" \/>\n<meta property=\"article:modified_time\" content=\"2023-01-20T14:16:12+00:00\" \/>\n<meta name=\"twitter:card\" content=\"summary_large_image\" \/>\n<meta name=\"twitter:site\" content=\"@KPLegalTurkey\" \/>\n<meta name=\"twitter:label1\" content=\"Est. reading time\" \/>\n\t<meta name=\"twitter:data1\" content=\"4 minutes\" \/>\n<script type=\"application\/ld+json\" class=\"yoast-schema-graph\">{\"@context\":\"https:\\\/\\\/schema.org\",\"@graph\":[{\"@type\":\"WebPage\",\"@id\":\"https:\\\/\\\/kplegal.com.tr\\\/en\\\/cookie-policy-2\\\/\",\"url\":\"https:\\\/\\\/kplegal.com.tr\\\/en\\\/cookie-policy-2\\\/\",\"name\":\"Cookie Policy | K&amp;P Legal | Global Hukuk B\u00fcrosu\",\"isPartOf\":{\"@id\":\"https:\\\/\\\/kplegal.com.tr\\\/en\\\/#website\"},\"datePublished\":\"2023-01-19T13:26:29+00:00\",\"dateModified\":\"2023-01-20T14:16:12+00:00\",\"breadcrumb\":{\"@id\":\"https:\\\/\\\/kplegal.com.tr\\\/en\\\/cookie-policy-2\\\/#breadcrumb\"},\"inLanguage\":\"en-US\",\"potentialAction\":[{\"@type\":\"ReadAction\",\"target\":[\"https:\\\/\\\/kplegal.com.tr\\\/en\\\/cookie-policy-2\\\/\"]}]},{\"@type\":\"BreadcrumbList\",\"@id\":\"https:\\\/\\\/kplegal.com.tr\\\/en\\\/cookie-policy-2\\\/#breadcrumb\",\"itemListElement\":[{\"@type\":\"ListItem\",\"position\":1,\"name\":\"Home\",\"item\":\"https:\\\/\\\/kplegal.com.tr\\\/en\\\/\"},{\"@type\":\"ListItem\",\"position\":2,\"name\":\"Cookie Policy\"}]},{\"@type\":\"WebSite\",\"@id\":\"https:\\\/\\\/kplegal.com.tr\\\/en\\\/#website\",\"url\":\"https:\\\/\\\/kplegal.com.tr\\\/en\\\/\",\"name\":\"K&amp;P Legal | Global Hukuk B\u00fcrosu\",\"description\":\"Ba\u015far\u0131ya giden yolda g\u00fcvenilir orta\u011f\u0131n\u0131z.\",\"publisher\":{\"@id\":\"https:\\\/\\\/kplegal.com.tr\\\/en\\\/#organization\"},\"potentialAction\":[{\"@type\":\"SearchAction\",\"target\":{\"@type\":\"EntryPoint\",\"urlTemplate\":\"https:\\\/\\\/kplegal.com.tr\\\/en\\\/?s={search_term_string}\"},\"query-input\":{\"@type\":\"PropertyValueSpecification\",\"valueRequired\":true,\"valueName\":\"search_term_string\"}}],\"inLanguage\":\"en-US\"},{\"@type\":\"Organization\",\"@id\":\"https:\\\/\\\/kplegal.com.tr\\\/en\\\/#organization\",\"name\":\"K&P Legal |Global Hukuk B\u00fcrosu\",\"url\":\"https:\\\/\\\/kplegal.com.tr\\\/en\\\/\",\"logo\":{\"@type\":\"ImageObject\",\"inLanguage\":\"en-US\",\"@id\":\"https:\\\/\\\/kplegal.com.tr\\\/en\\\/#\\\/schema\\\/logo\\\/image\\\/\",\"url\":\"https:\\\/\\\/kplegal.com.tr\\\/wp-content\\\/uploads\\\/2022\\\/01\\\/logo2.png\",\"contentUrl\":\"https:\\\/\\\/kplegal.com.tr\\\/wp-content\\\/uploads\\\/2022\\\/01\\\/logo2.png\",\"width\":216,\"height\":64,\"caption\":\"K&P Legal |Global Hukuk B\u00fcrosu\"},\"image\":{\"@id\":\"https:\\\/\\\/kplegal.com.tr\\\/en\\\/#\\\/schema\\\/logo\\\/image\\\/\"},\"sameAs\":[\"https:\\\/\\\/www.facebook.com\\\/KPLegalTurkey\",\"https:\\\/\\\/x.com\\\/KPLegalTurkey\",\"https:\\\/\\\/www.instagram.com\\\/kplegal_lawfirm\\\/\"]}]}<\/script>\n<!-- \/ Yoast SEO plugin. -->","yoast_head_json":{"title":"Cookie Policy | K&amp;P Legal | Global Hukuk B\u00fcrosu","robots":{"index":"index","follow":"follow","max-snippet":"max-snippet:-1","max-image-preview":"max-image-preview:large","max-video-preview":"max-video-preview:-1"},"canonical":"https:\/\/kplegal.com.tr\/en\/cookie-policy-2\/","og_locale":"en_US","og_type":"article","og_title":"Cookie Policy | K&amp;P Legal | Global Hukuk B\u00fcrosu","og_description":"K&amp;P LEGAL LAW FIRM THE COOKIE POLICY WITHIN THE SCOPE OF PROTECTION OF PERSONAL DATA ACT (KVKK) K&amp;P LEGAL LAW FIRM \/Erdal KARDAS \u2013 Yelda Topuz KARDAS Attorney Partnership (\u201cLaw Firm\u201d), owns small data files that allow users to save and collect certain data to their computers, mobile phones, tablets or other devices used during [&hellip;]","og_url":"https:\/\/kplegal.com.tr\/en\/cookie-policy-2\/","og_site_name":"K&amp;P Legal | Global Hukuk B\u00fcrosu","article_publisher":"https:\/\/www.facebook.com\/KPLegalTurkey","article_modified_time":"2023-01-20T14:16:12+00:00","twitter_card":"summary_large_image","twitter_site":"@KPLegalTurkey","twitter_misc":{"Est. reading time":"4 minutes"},"schema":{"@context":"https:\/\/schema.org","@graph":[{"@type":"WebPage","@id":"https:\/\/kplegal.com.tr\/en\/cookie-policy-2\/","url":"https:\/\/kplegal.com.tr\/en\/cookie-policy-2\/","name":"Cookie Policy | K&amp;P Legal | Global Hukuk B\u00fcrosu","isPartOf":{"@id":"https:\/\/kplegal.com.tr\/en\/#website"},"datePublished":"2023-01-19T13:26:29+00:00","dateModified":"2023-01-20T14:16:12+00:00","breadcrumb":{"@id":"https:\/\/kplegal.com.tr\/en\/cookie-policy-2\/#breadcrumb"},"inLanguage":"en-US","potentialAction":[{"@type":"ReadAction","target":["https:\/\/kplegal.com.tr\/en\/cookie-policy-2\/"]}]},{"@type":"BreadcrumbList","@id":"https:\/\/kplegal.com.tr\/en\/cookie-policy-2\/#breadcrumb","itemListElement":[{"@type":"ListItem","position":1,"name":"Home","item":"https:\/\/kplegal.com.tr\/en\/"},{"@type":"ListItem","position":2,"name":"Cookie Policy"}]},{"@type":"WebSite","@id":"https:\/\/kplegal.com.tr\/en\/#website","url":"https:\/\/kplegal.com.tr\/en\/","name":"K&amp;P Legal | Global Hukuk B\u00fcrosu","description":"Ba\u015far\u0131ya giden yolda g\u00fcvenilir orta\u011f\u0131n\u0131z.","publisher":{"@id":"https:\/\/kplegal.com.tr\/en\/#organization"},"potentialAction":[{"@type":"SearchAction","target":{"@type":"EntryPoint","urlTemplate":"https:\/\/kplegal.com.tr\/en\/?s={search_term_string}"},"query-input":{"@type":"PropertyValueSpecification","valueRequired":true,"valueName":"search_term_string"}}],"inLanguage":"en-US"},{"@type":"Organization","@id":"https:\/\/kplegal.com.tr\/en\/#organization","name":"K&P Legal |Global Hukuk B\u00fcrosu","url":"https:\/\/kplegal.com.tr\/en\/","logo":{"@type":"ImageObject","inLanguage":"en-US","@id":"https:\/\/kplegal.com.tr\/en\/#\/schema\/logo\/image\/","url":"https:\/\/kplegal.com.tr\/wp-content\/uploads\/2022\/01\/logo2.png","contentUrl":"https:\/\/kplegal.com.tr\/wp-content\/uploads\/2022\/01\/logo2.png","width":216,"height":64,"caption":"K&P Legal |Global Hukuk B\u00fcrosu"},"image":{"@id":"https:\/\/kplegal.com.tr\/en\/#\/schema\/logo\/image\/"},"sameAs":["https:\/\/www.facebook.com\/KPLegalTurkey","https:\/\/x.com\/KPLegalTurkey","https:\/\/www.instagram.com\/kplegal_lawfirm\/"]}]}},"_links":{"self":[{"href":"https:\/\/kplegal.com.tr\/en\/wp-json\/wp\/v2\/pages\/4285","targetHints":{"allow":["GET"]}}],"collection":[{"href":"https:\/\/kplegal.com.tr\/en\/wp-json\/wp\/v2\/pages"}],"about":[{"href":"https:\/\/kplegal.com.tr\/en\/wp-json\/wp\/v2\/types\/page"}],"author":[{"embeddable":true,"href":"https:\/\/kplegal.com.tr\/en\/wp-json\/wp\/v2\/users\/9"}],"replies":[{"embeddable":true,"href":"https:\/\/kplegal.com.tr\/en\/wp-json\/wp\/v2\/comments?post=4285"}],"version-history":[{"count":1,"href":"https:\/\/kplegal.com.tr\/en\/wp-json\/wp\/v2\/pages\/4285\/revisions"}],"predecessor-version":[{"id":4286,"href":"https:\/\/kplegal.com.tr\/en\/wp-json\/wp\/v2\/pages\/4285\/revisions\/4286"}],"wp:attachment":[{"href":"https:\/\/kplegal.com.tr\/en\/wp-json\/wp\/v2\/media?parent=4285"}],"curies":[{"name":"wp","href":"https:\/\/api.w.org\/{rel}","templated":true}]}}