{"id":4283,"date":"2023-01-19T16:28:48","date_gmt":"2023-01-19T13:28:48","guid":{"rendered":"https:\/\/kplegal.com.tr\/?page_id=4283"},"modified":"2023-02-03T15:54:51","modified_gmt":"2023-02-03T12:54:51","slug":"kvkk-application-form","status":"publish","type":"page","link":"https:\/\/kplegal.com.tr\/en\/kvkk-application-form\/","title":{"rendered":"KVKK Application Form"},"content":{"rendered":"\t\t<div data-elementor-type=\"wp-page\" data-elementor-id=\"4283\" class=\"elementor elementor-4283 elementor-4252\" data-elementor-post-type=\"page\">\n\t\t\t\t\t\t<section class=\"elementor-section elementor-top-section elementor-element elementor-element-6972b584 elementor-section-boxed elementor-section-height-default elementor-section-height-default\" data-id=\"6972b584\" data-element_type=\"section\">\n\t\t\t\t\t\t<div class=\"elementor-container elementor-column-gap-default\">\n\t\t\t\t\t<div class=\"elementor-column elementor-col-100 elementor-top-column elementor-element elementor-element-50f4fec3\" data-id=\"50f4fec3\" data-element_type=\"column\">\n\t\t\t<div class=\"elementor-widget-wrap elementor-element-populated\">\n\t\t\t\t\t\t<div class=\"elementor-element elementor-element-6ae5a249 elementor-widget elementor-widget-text-editor\" data-id=\"6ae5a249\" data-element_type=\"widget\" data-widget_type=\"text-editor.default\">\n\t\t\t\t<div class=\"elementor-widget-container\">\n\t\t\t\t\t\t\t\t\t<h2 style=\"text-align: center;\">K&amp;P LEGAL LAW FIRM\nPERSONAL DATA APPLICATION FORM<\/h2>\n<span style=\"font-weight: 400;\">Personal data owners (hereinafter referred to as \u201cApplicants\u2019\u2019) who are defined as the relevant people in Law on Protection of Personal Data no. 6698 (\u201cKVKK\u201d) are entitled to certain rights regarding the processing of their personal data in the 11th article of the Law. <\/span>\n\n<span style=\"font-weight: 400;\">Pursuant to the 1st paragraph of 13th article of the KVKK; the applications regarding these rights must be made in written or through other means determined by the Board of Personal Data Protection (&#8220;Board\u201d) to be submitted to our Law Firm that is responsible for the data.\n<\/span>\n\n<span style=\"font-weight: 400;\">Within this framework, the applications to be made \u2018\u2019in written\u2019\u2019 to our Law Firm must be sent with this form and;\n<\/span>\n<ul>\n \t<li style=\"font-weight: 400;\" aria-level=\"1\"><span style=\"font-weight: 400;\">Applicant\u2019s personal application,<\/span><\/li>\n \t<li style=\"font-weight: 400;\" aria-level=\"1\"><span style=\"font-weight: 400;\">Through Notary Public,<\/span><\/li>\n \t<li style=\"font-weight: 400;\" aria-level=\"1\"><span style=\"font-weight: 400;\"><span style=\"font-weight: 400;\">Secure Electronic Signature (by sending via Registered Electronic Mail Address (UETS)) <\/span><\/span><\/li>\n<\/ul>\n<span style=\"font-weight: 400;\"><span style=\"font-weight: 400;\">The following information is provided on the basis of the written application regarding the ways of submitting the written applications.<\/span><\/span>\n<table class=\"tg\">\n<thead>\n<tr>\n<th class=\"tg-fymr\"><span style=\"font-weight: bold; font-style: normal; text-decoration: none; color: #000; background-color: transparent;\">Application Method<\/span><\/th>\n<th class=\"tg-1wig\"><span style=\"font-weight: bold; font-style: normal; text-decoration: none; color: #000; background-color: transparent;\">Address of Application<\/span><\/th>\n<th class=\"tg-fymr\"><span style=\"font-weight: bold; font-style: normal; text-decoration: none; color: #000; background-color: transparent;\">Information within the structure<\/span><\/th>\n<\/tr>\n<\/thead>\n<tbody>\n<tr>\n<td class=\"tg-fymr\"><span style=\"font-weight: 400; font-style: normal; text-decoration: none; color: #000; background-color: transparent;\">Personal Application (The applicant himself\/ herself comes and applies with a document proving his identity)<\/span><\/td>\n<td class=\"tg-0lax\"><span style=\"font-weight: 400; font-style: normal; text-decoration: none; color: #000; background-color: transparent;\">Ankara Cad. No: 81 Bayrakl\u0131 Tower K:20 Bayrakl\u0131 \/ \u0130ZM\u0130R <\/span><\/td>\n<td class=\"tg-0pky\"><span style=\"font-weight: 400; font-style: normal; text-decoration: none; color: #000; background-color: transparent;\">&#8220;Request of information as per Law on Personal Data Protection\u201d to be written on the envelope.<\/span><\/td>\n<\/tr>\n<tr>\n<td class=\"tg-1wig\"><span style=\"font-weight: 400; font-style: normal; text-decoration: none; color: #000; background-color: transparent;\">Through Notary Public<\/span><\/td>\n<td class=\"tg-0lax\"><span style=\"font-weight: 400; font-style: normal; text-decoration: none; color: #000; background-color: transparent;\">Ankara Cad. No: 81 Bayrakl\u0131 Tower K:20 Bayrakl\u0131 \/ \u0130ZM\u0130R <\/span><\/td>\n<td class=\"tg-0lax\"><span style=\"font-weight: 400; font-style: normal; text-decoration: none; color: #000; background-color: transparent;\">&#8220;Request of information as per Law on Personal Data Protection\u201d to be written on the notification envelope.<\/span><\/td>\n<\/tr>\n<tr>\n<td class=\"tg-1wig\"><span style=\"font-weight: 400; font-style: normal; text-decoration: none; color: #000; background-color: transparent;\">Secure Electronic Signature (by sending via Registered Electronic Mail (UETS)) defined in the Electronic Signature Law numbered 5070<\/span><\/td>\n<td class=\"tg-0lax\"><span style=\"font-weight: 400; font-style: normal; text-decoration: none; color: #000; background-color: transparent;\">UETS 16312 &#8211; 13086 &#8211; 57571<\/span><\/td>\n<td class=\"tg-0lax\"><span style=\"font-weight: 400; font-style: normal; text-decoration: none; color: #000; background-color: transparent;\">&#8220;Request of information as per Law on Personal Data Protection\u201d to be written on the subject part of e-mail.<\/span><\/td>\n<\/tr>\n<\/tbody>\n<\/table>\n<span style=\"font-weight: 400;\">Your applications that are submitted to us shall be replied within thirty days at the latest following the delivery according to the nature of the request as per the 2nd paragraph of article 13 of the Law. Our replies have been sent in writing or electronically in pursuant to article 13 of the \u201cKVKK\u201d.\n<b><\/b><\/span>\n\n<b>A. Contact Information of Applicant:<\/b>\n<table class=\"tg\" style=\"height: 501px;\" width=\"818\">\n<thead>\n<tr>\n<th class=\"tg-fymr\" style=\"text-align: left;\"><span style=\"font-weight: bold; font-style: normal; text-decoration: none; color: #000; background-color: transparent;\">Name:<\/span><\/th>\n<th class=\"tg-1wig\"><\/th>\n<\/tr>\n<\/thead>\n<tbody>\n<tr>\n<td class=\"tg-fymr\"><span style=\"font-weight: bold; font-style: normal; text-decoration: none; color: #000; background-color: transparent;\">Surname:<\/span><\/td>\n<td class=\"tg-0lax\"><\/td>\n<\/tr>\n<tr>\n<td class=\"tg-1wig\"><span style=\"font-weight: bold; font-style: normal; text-decoration: none; color: #000; background-color: transparent;\">TR Identification Number:<\/span><\/td>\n<td class=\"tg-0lax\"><\/td>\n<\/tr>\n<tr>\n<td class=\"tg-1wig\"><span style=\"font-weight: bold; font-style: normal; text-decoration: none; color: #000; background-color: transparent;\">Phone Number:<\/span><\/td>\n<td class=\"tg-0lax\"><\/td>\n<\/tr>\n<tr>\n<td class=\"tg-dgl5\"><span style=\"font-weight: bold; font-style: normal; text-decoration: none; color: #000; background-color: #fff;\">Electronic Mail Address:<\/span>\n<span style=\"font-weight: 400; font-style: italic; text-decoration: none; color: #000; background-color: #fff;\">(For applications to be answered via e-mail (UETS)) <\/span><\/td>\n<td class=\"tg-0lax\"><\/td>\n<\/tr>\n<tr>\n<td class=\"tg-1wig\" rowspan=\"3\"><span style=\"font-weight: bold; font-style: normal; text-decoration: none; color: #000; background-color: transparent;\">Address:<\/span><\/td>\n<td class=\"tg-0lax\"><\/td>\n<\/tr>\n<tr>\n<td class=\"tg-0lax\"><\/td>\n<\/tr>\n<tr>\n<td class=\"tg-0lax\"><\/td>\n<\/tr>\n<\/tbody>\n<\/table>\n<b>Please indicate your relations with our Law Firm.<\/b> <i><span style=\"font-weight: 400;\">(Such as employee, former employee, supplier, client, client\u2019s employee etc.)<\/span><\/i>\n<table class=\"tg\" style=\"height: 194px;\" width=\"817\">\n<thead>\n<tr>\n<th class=\"tg-fymr\" rowspan=\"2\">\n<ul>\n \t<li style=\"text-align: left;\">Employee<\/li>\n<\/ul>\n<ul>\n \t<li style=\"text-align: left;\">Client<\/li>\n<\/ul>\n<\/th>\n<th class=\"tg-1wig\" rowspan=\"2\">\n<ul>\n \t<li style=\"text-align: left;\">Supplier<\/li>\n<\/ul>\n<ul>\n \t<li style=\"text-align: left;\">Others:<\/li>\n<\/ul>\n<\/th>\n<\/tr>\n<\/thead>\n<tbody>\n<tr>\n<td class=\"tg-1wig\" colspan=\"2\"><span style=\"font-weight: 400; font-style: normal; text-decoration: none; color: #000; background-color: transparent;\">The unit you have communicated within the Law Firm: <\/span><\/td>\n<\/tr>\n<tr>\n<td class=\"tg-0lax\" colspan=\"2\"><span style=\"font-weight: 400; font-style: normal; text-decoration: none; color: #000; background-color: transparent;\">Subject:<\/span><\/td>\n<\/tr>\n<\/tbody>\n<\/table>\n\n<div style=\"width:100%;\">\n<p><b>Please specify in detail your request under Law on Protection of Personal Data no. 6698 (\u201cKVKK\u201d):\n<\/b><\/p>\n<div style=\"width:100%height:1px;border:1px dashed #000;margin:20px\"><\/div>\n\n<div style=\"width:100%height:1px;border:1px dashed #000;margin:20px\"><\/div>\n<div style=\"width:100%height:1px;border:1px dashed #000;margin:20px\"><\/div>\n<div style=\"width:100%height:1px;border:1px dashed #000;margin:20px\"><\/div>\n<div style=\"width:100%height:1px;border:1px dashed #000;margin:20px\"><\/div>\n<\/div>\n\n<b>Please choose the method of notification for receiving our reply to your request:\n<\/b>\n<ul>\n \t<li style=\"font-weight: 400;\" aria-level=\"1\"><span style=\"font-weight: 400;\">I would like the reply to be delivered to my address.<\/span><\/li>\n \t<li style=\"font-weight: 400;\" aria-level=\"1\"><span style=\"font-weight: 400;\">I would like the reply to be delivered to my UETS e-mail address.<\/span><\/li>\n \t<li style=\"font-weight: 400;\" aria-level=\"1\"><span style=\"font-weight: 400;\"><span style=\"font-weight: 400;\">I would like to receive it by hand.<\/span><\/span><\/li>\n<\/ul>\n<span style=\"font-weight: 400;\"><span style=\"font-weight: 400;\">In case of receipt by proxy, it is required to have a notarized power of attorney or certificate of authorization.\n<\/span><\/span>\n\n<span style=\"font-weight: 400;\">This application form is drafted in order to respond to your request correctly and in due time by determining your relationship with our Law Firm and, if any, your personal data processed by our Law Firm in precise. Our Law Firm reserves the right to request additional document and information (Copy of Identification Card or Driver\u2019s License, etc.) for the purpose identification and authorization check, in order to eliminate the legal risks from illegal and unjust data sharing and especially ensuring the security of your personal data. If the information you conducted within the scope of the form is not correct or up-to-date or in case of an unauthorized application, our Law Firm declines any responsibility arising from the requests regarding the incorrect information or unauthorized application. You hold all the responsibility arising from illegal, misleading, or incorrect applications.\n<\/span>\n<br \/>\n<b>Applicant (Data Owners)\n<\/b>\n<br \/>\n<b>Name:\u2026\u2026\u2026\u2026\u2026\u2026\u2026\u2026<\/b>\n<br \/>\n<b>Surname:\u2026\u2026\u2026\u2026\u2026\u2026\u2026\u2026<\/b>\n<br \/>\n<b>Application Date: \u2026\u2026\u2026\u2026\u2026\u2026\u2026\u2026<\/b>\n<br \/>\n<b>Signature: \u2026\u2026\u2026\u2026\u2026\u2026\u2026\u2026<\/b>\t\t\t\t\t\t\t\t<\/div>\n\t\t\t\t<\/div>\n\t\t\t\t\t<\/div>\n\t\t<\/div>\n\t\t\t\t\t<\/div>\n\t\t<\/section>\n\t\t\t\t<\/div>\n\t\t","protected":false},"excerpt":{"rendered":"<p>K&amp;P LEGAL LAW FIRM PERSONAL DATA APPLICATION FORM Personal data owners (hereinafter referred to as \u201cApplicants\u2019\u2019) who are defined as the relevant people in Law on Protection of Personal Data no. 6698 (\u201cKVKK\u201d) are entitled to certain rights regarding the processing of their personal data in the 11th article of the Law. Pursuant to the [&hellip;]<\/p>\n","protected":false},"author":9,"featured_media":0,"parent":0,"menu_order":0,"comment_status":"closed","ping_status":"closed","template":"","meta":{"_acf_changed":false,"footnotes":""},"class_list":["post-4283","page","type-page","status-publish","hentry"],"acf":[],"yoast_head":"<!-- This site is optimized with the Yoast SEO plugin v27.3 - https:\/\/yoast.com\/product\/yoast-seo-wordpress\/ -->\n<title>KVKK Application Form | K&amp;P Legal | Global Hukuk B\u00fcrosu<\/title>\n<meta name=\"robots\" content=\"index, follow, max-snippet:-1, max-image-preview:large, max-video-preview:-1\" \/>\n<link rel=\"canonical\" href=\"https:\/\/kplegal.com.tr\/en\/kvkk-application-form\/\" \/>\n<meta property=\"og:locale\" content=\"en_US\" \/>\n<meta property=\"og:type\" content=\"article\" \/>\n<meta property=\"og:title\" content=\"KVKK Application Form | K&amp;P Legal | Global Hukuk B\u00fcrosu\" \/>\n<meta property=\"og:description\" content=\"K&amp;P LEGAL LAW FIRM PERSONAL DATA APPLICATION FORM Personal data owners (hereinafter referred to as \u201cApplicants\u2019\u2019) who are defined as the relevant people in Law on Protection of Personal Data no. 6698 (\u201cKVKK\u201d) are entitled to certain rights regarding the processing of their personal data in the 11th article of the Law. Pursuant to the [&hellip;]\" \/>\n<meta property=\"og:url\" content=\"https:\/\/kplegal.com.tr\/en\/kvkk-application-form\/\" \/>\n<meta property=\"og:site_name\" content=\"K&amp;P Legal | Global Hukuk B\u00fcrosu\" \/>\n<meta property=\"article:publisher\" content=\"https:\/\/www.facebook.com\/KPLegalTurkey\" \/>\n<meta property=\"article:modified_time\" content=\"2023-02-03T12:54:51+00:00\" \/>\n<meta name=\"twitter:card\" content=\"summary_large_image\" \/>\n<meta name=\"twitter:site\" content=\"@KPLegalTurkey\" \/>\n<meta name=\"twitter:label1\" content=\"Est. reading time\" \/>\n\t<meta name=\"twitter:data1\" content=\"3 minutes\" \/>\n<script type=\"application\/ld+json\" class=\"yoast-schema-graph\">{\"@context\":\"https:\\\/\\\/schema.org\",\"@graph\":[{\"@type\":\"WebPage\",\"@id\":\"https:\\\/\\\/kplegal.com.tr\\\/en\\\/kvkk-application-form\\\/\",\"url\":\"https:\\\/\\\/kplegal.com.tr\\\/en\\\/kvkk-application-form\\\/\",\"name\":\"KVKK Application Form | K&amp;P Legal | Global Hukuk B\u00fcrosu\",\"isPartOf\":{\"@id\":\"https:\\\/\\\/kplegal.com.tr\\\/en\\\/#website\"},\"datePublished\":\"2023-01-19T13:28:48+00:00\",\"dateModified\":\"2023-02-03T12:54:51+00:00\",\"breadcrumb\":{\"@id\":\"https:\\\/\\\/kplegal.com.tr\\\/en\\\/kvkk-application-form\\\/#breadcrumb\"},\"inLanguage\":\"en-US\",\"potentialAction\":[{\"@type\":\"ReadAction\",\"target\":[\"https:\\\/\\\/kplegal.com.tr\\\/en\\\/kvkk-application-form\\\/\"]}]},{\"@type\":\"BreadcrumbList\",\"@id\":\"https:\\\/\\\/kplegal.com.tr\\\/en\\\/kvkk-application-form\\\/#breadcrumb\",\"itemListElement\":[{\"@type\":\"ListItem\",\"position\":1,\"name\":\"Home\",\"item\":\"https:\\\/\\\/kplegal.com.tr\\\/en\\\/\"},{\"@type\":\"ListItem\",\"position\":2,\"name\":\"KVKK Application Form\"}]},{\"@type\":\"WebSite\",\"@id\":\"https:\\\/\\\/kplegal.com.tr\\\/en\\\/#website\",\"url\":\"https:\\\/\\\/kplegal.com.tr\\\/en\\\/\",\"name\":\"K&amp;P Legal | Global Hukuk B\u00fcrosu\",\"description\":\"Ba\u015far\u0131ya giden yolda g\u00fcvenilir orta\u011f\u0131n\u0131z.\",\"publisher\":{\"@id\":\"https:\\\/\\\/kplegal.com.tr\\\/en\\\/#organization\"},\"potentialAction\":[{\"@type\":\"SearchAction\",\"target\":{\"@type\":\"EntryPoint\",\"urlTemplate\":\"https:\\\/\\\/kplegal.com.tr\\\/en\\\/?s={search_term_string}\"},\"query-input\":{\"@type\":\"PropertyValueSpecification\",\"valueRequired\":true,\"valueName\":\"search_term_string\"}}],\"inLanguage\":\"en-US\"},{\"@type\":\"Organization\",\"@id\":\"https:\\\/\\\/kplegal.com.tr\\\/en\\\/#organization\",\"name\":\"K&P Legal |Global Hukuk B\u00fcrosu\",\"url\":\"https:\\\/\\\/kplegal.com.tr\\\/en\\\/\",\"logo\":{\"@type\":\"ImageObject\",\"inLanguage\":\"en-US\",\"@id\":\"https:\\\/\\\/kplegal.com.tr\\\/en\\\/#\\\/schema\\\/logo\\\/image\\\/\",\"url\":\"https:\\\/\\\/kplegal.com.tr\\\/wp-content\\\/uploads\\\/2022\\\/01\\\/logo2.png\",\"contentUrl\":\"https:\\\/\\\/kplegal.com.tr\\\/wp-content\\\/uploads\\\/2022\\\/01\\\/logo2.png\",\"width\":216,\"height\":64,\"caption\":\"K&P Legal |Global Hukuk B\u00fcrosu\"},\"image\":{\"@id\":\"https:\\\/\\\/kplegal.com.tr\\\/en\\\/#\\\/schema\\\/logo\\\/image\\\/\"},\"sameAs\":[\"https:\\\/\\\/www.facebook.com\\\/KPLegalTurkey\",\"https:\\\/\\\/x.com\\\/KPLegalTurkey\",\"https:\\\/\\\/www.instagram.com\\\/kplegal_lawfirm\\\/\"]}]}<\/script>\n<!-- \/ Yoast SEO plugin. -->","yoast_head_json":{"title":"KVKK Application Form | K&amp;P Legal | Global Hukuk B\u00fcrosu","robots":{"index":"index","follow":"follow","max-snippet":"max-snippet:-1","max-image-preview":"max-image-preview:large","max-video-preview":"max-video-preview:-1"},"canonical":"https:\/\/kplegal.com.tr\/en\/kvkk-application-form\/","og_locale":"en_US","og_type":"article","og_title":"KVKK Application Form | K&amp;P Legal | Global Hukuk B\u00fcrosu","og_description":"K&amp;P LEGAL LAW FIRM PERSONAL DATA APPLICATION FORM Personal data owners (hereinafter referred to as \u201cApplicants\u2019\u2019) who are defined as the relevant people in Law on Protection of Personal Data no. 6698 (\u201cKVKK\u201d) are entitled to certain rights regarding the processing of their personal data in the 11th article of the Law. Pursuant to the [&hellip;]","og_url":"https:\/\/kplegal.com.tr\/en\/kvkk-application-form\/","og_site_name":"K&amp;P Legal | Global Hukuk B\u00fcrosu","article_publisher":"https:\/\/www.facebook.com\/KPLegalTurkey","article_modified_time":"2023-02-03T12:54:51+00:00","twitter_card":"summary_large_image","twitter_site":"@KPLegalTurkey","twitter_misc":{"Est. reading time":"3 minutes"},"schema":{"@context":"https:\/\/schema.org","@graph":[{"@type":"WebPage","@id":"https:\/\/kplegal.com.tr\/en\/kvkk-application-form\/","url":"https:\/\/kplegal.com.tr\/en\/kvkk-application-form\/","name":"KVKK Application Form | K&amp;P Legal | Global Hukuk B\u00fcrosu","isPartOf":{"@id":"https:\/\/kplegal.com.tr\/en\/#website"},"datePublished":"2023-01-19T13:28:48+00:00","dateModified":"2023-02-03T12:54:51+00:00","breadcrumb":{"@id":"https:\/\/kplegal.com.tr\/en\/kvkk-application-form\/#breadcrumb"},"inLanguage":"en-US","potentialAction":[{"@type":"ReadAction","target":["https:\/\/kplegal.com.tr\/en\/kvkk-application-form\/"]}]},{"@type":"BreadcrumbList","@id":"https:\/\/kplegal.com.tr\/en\/kvkk-application-form\/#breadcrumb","itemListElement":[{"@type":"ListItem","position":1,"name":"Home","item":"https:\/\/kplegal.com.tr\/en\/"},{"@type":"ListItem","position":2,"name":"KVKK Application Form"}]},{"@type":"WebSite","@id":"https:\/\/kplegal.com.tr\/en\/#website","url":"https:\/\/kplegal.com.tr\/en\/","name":"K&amp;P Legal | Global Hukuk B\u00fcrosu","description":"Ba\u015far\u0131ya giden yolda g\u00fcvenilir orta\u011f\u0131n\u0131z.","publisher":{"@id":"https:\/\/kplegal.com.tr\/en\/#organization"},"potentialAction":[{"@type":"SearchAction","target":{"@type":"EntryPoint","urlTemplate":"https:\/\/kplegal.com.tr\/en\/?s={search_term_string}"},"query-input":{"@type":"PropertyValueSpecification","valueRequired":true,"valueName":"search_term_string"}}],"inLanguage":"en-US"},{"@type":"Organization","@id":"https:\/\/kplegal.com.tr\/en\/#organization","name":"K&P Legal |Global Hukuk B\u00fcrosu","url":"https:\/\/kplegal.com.tr\/en\/","logo":{"@type":"ImageObject","inLanguage":"en-US","@id":"https:\/\/kplegal.com.tr\/en\/#\/schema\/logo\/image\/","url":"https:\/\/kplegal.com.tr\/wp-content\/uploads\/2022\/01\/logo2.png","contentUrl":"https:\/\/kplegal.com.tr\/wp-content\/uploads\/2022\/01\/logo2.png","width":216,"height":64,"caption":"K&P Legal |Global Hukuk B\u00fcrosu"},"image":{"@id":"https:\/\/kplegal.com.tr\/en\/#\/schema\/logo\/image\/"},"sameAs":["https:\/\/www.facebook.com\/KPLegalTurkey","https:\/\/x.com\/KPLegalTurkey","https:\/\/www.instagram.com\/kplegal_lawfirm\/"]}]}},"_links":{"self":[{"href":"https:\/\/kplegal.com.tr\/en\/wp-json\/wp\/v2\/pages\/4283","targetHints":{"allow":["GET"]}}],"collection":[{"href":"https:\/\/kplegal.com.tr\/en\/wp-json\/wp\/v2\/pages"}],"about":[{"href":"https:\/\/kplegal.com.tr\/en\/wp-json\/wp\/v2\/types\/page"}],"author":[{"embeddable":true,"href":"https:\/\/kplegal.com.tr\/en\/wp-json\/wp\/v2\/users\/9"}],"replies":[{"embeddable":true,"href":"https:\/\/kplegal.com.tr\/en\/wp-json\/wp\/v2\/comments?post=4283"}],"version-history":[{"count":7,"href":"https:\/\/kplegal.com.tr\/en\/wp-json\/wp\/v2\/pages\/4283\/revisions"}],"predecessor-version":[{"id":4517,"href":"https:\/\/kplegal.com.tr\/en\/wp-json\/wp\/v2\/pages\/4283\/revisions\/4517"}],"wp:attachment":[{"href":"https:\/\/kplegal.com.tr\/en\/wp-json\/wp\/v2\/media?parent=4283"}],"curies":[{"name":"wp","href":"https:\/\/api.w.org\/{rel}","templated":true}]}}