{"id":4279,"date":"2023-01-19T16:29:58","date_gmt":"2023-01-19T13:29:58","guid":{"rendered":"https:\/\/kplegal.com.tr\/?page_id=4279"},"modified":"2023-02-03T15:24:42","modified_gmt":"2023-02-03T12:24:42","slug":"public-disclosure-text","status":"publish","type":"page","link":"https:\/\/kplegal.com.tr\/en\/public-disclosure-text\/","title":{"rendered":"Public Disclosure Text"},"content":{"rendered":"\t\t<div data-elementor-type=\"wp-page\" data-elementor-id=\"4279\" class=\"elementor elementor-4279 elementor-4257\" data-elementor-post-type=\"page\">\n\t\t\t\t\t\t<section class=\"elementor-section elementor-top-section elementor-element elementor-element-7c4910fd elementor-section-boxed elementor-section-height-default elementor-section-height-default\" data-id=\"7c4910fd\" data-element_type=\"section\">\n\t\t\t\t\t\t<div class=\"elementor-container elementor-column-gap-default\">\n\t\t\t\t\t<div class=\"elementor-column elementor-col-100 elementor-top-column elementor-element elementor-element-269cfeff\" data-id=\"269cfeff\" data-element_type=\"column\">\n\t\t\t<div class=\"elementor-widget-wrap elementor-element-populated\">\n\t\t\t\t\t\t<div class=\"elementor-element elementor-element-a584da6 elementor-widget elementor-widget-text-editor\" data-id=\"a584da6\" data-element_type=\"widget\" data-widget_type=\"text-editor.default\">\n\t\t\t\t<div class=\"elementor-widget-container\">\n\t\t\t\t\t\t\t\t\t<h2 style=\"text-align: center;\">K&amp;P LEGAL LAW FIRM<br \/>\nINFORMATION ABOUT PROTECTION OF PERSONAL DATA<\/h2>\n<b>K&amp;P LEGAL LAW FIRM<\/b><span style=\"font-weight: 400;\"> Pursuant to the Law on Protection of Personal Data no. 6698 (\u201cKVKK\u201d), we, the undersigned, as K&amp;P LEGAL LAW FIRM\/ Erdal Kardas &#8211; Yelda Topuz Kardas Partnership acting as Data Responsible for the purposes hereof, hereby declare that your personal data and information will be recorded, kept, and, and may be disclosed\/transferred to third parties, or be classified, and be processed as otherwise as specified in (KVKK), if and to the extent permitted by the applicable laws, and within the frame described here below.\n<\/span>\n\n<span style=\"font-weight: 400;\">In this text;\n<\/span>\n<ul>\n \t<li style=\"font-weight: 400;\" aria-level=\"1\"><b>Personal Data:<\/b> <span style=\"font-weight: 400;\">Any information relating to an identified or identifiable natural person,<\/span><\/li>\n \t<li style=\"font-weight: 400;\" aria-level=\"1\"><b>Law on Protection of Personal Data (\u201cKVKK\u201d):<\/b> <span style=\"font-weight: 400;\">Law No. 6698 on the Protection of Personal Data published in the Official newspaper of Turkish Republic on the date of 07.04.2016<\/span><\/li>\n \t<li style=\"font-weight: 400;\" aria-level=\"1\"><b>Data Controller:<\/b> <span style=\"font-weight: 400;\">The natural or legal person who determines the purposes and means of processing personal data and is responsible for the establishment and management of the data recording system,<\/span><\/li>\n \t<li style=\"font-weight: 400;\" aria-level=\"1\"><b>Data Processor:<\/b> <span style=\"font-weight: 400;\"><span style=\"font-weight: 400;\">Refers to the natural or legal person who processes Personal data on behalf of the Data Controller, based on the authority given by him.<\/span><\/span><\/li>\n<\/ul>\n<span style=\"font-weight: 400;\"><span style=\"font-weight: 400;\"><b>Data responsible:\n<\/b><\/span><\/span>\n\n<span style=\"font-weight: 400;\">According to KVKK, client, addressee, supplier, customer, employee, trainee, visitor etc. your personal data that you share with the adjectives is determined by <\/span><b>K&amp;P LEGAL LAW FIRM<\/b><span style=\"font-weight: 400;\">\/ Erdal Kardas &#8211; Yelda Topuz Kardas Partnership will be evaluated by the legal entity within the scope specified below.<\/span>\n\n<br \/><span style=\"font-weight: 400;\"><b>1. Collection, Processing and Business Purposes of Personal Data\n<\/b><\/span>\n<br \/>\n<span style=\"font-weight: 400;\">Your personal data may vary depending on the relationship between you and our Law Firm; Our Law Firm may collect through oral, written or electronic means by means of automated or non-automated methods, units, website, social media channels, mobile applications and written, oral or electronic ways with similar means. Your personal data will be created and updated as long as your relationship with our Law Firm continues.\n<\/span>\n\n<span style=\"font-weight: 400;\">Your personal data are collected by the relevant business units, the legal and commercial security of the Law Firm and our business relations with the Law Firm, the determination and implementation of our Law Firm&#8217;s strategies and the execution of the human resources policies of our Law Firm. In accordance with the KVKK Article No. 5. and 6. personal data processing requirements and purposes,\n<\/span>\n<ul>\n \t<li style=\"font-weight: 400;\" aria-level=\"1\"><span style=\"font-weight: 400;\">In accordance with the law and honesty rules,<\/span><\/li>\n \t<li style=\"font-weight: 400;\" aria-level=\"1\"><span style=\"font-weight: 400;\">Accurate and up-to-date when necessary,<\/span><\/li>\n \t<li style=\"font-weight: 400;\" aria-level=\"1\"><span style=\"font-weight: 400;\">For specific, explicit and legitimate purposes,<\/span><\/li>\n \t<li style=\"font-weight: 400;\" aria-level=\"1\"><span style=\"font-weight: 400;\">Relating to the purpose for which they are processed, limited and measured,<\/span><\/li>\n \t<li style=\"font-weight: 400;\" aria-level=\"1\"><span style=\"font-weight: 400;\"><span style=\"font-weight: 400;\">To be kept for the period stipulated in the relevant legislation or required for the purpose for which they are processed,<\/span><\/span><\/li>\n<\/ul>\n<span style=\"font-weight: 400;\"><span style=\"font-weight: 400;\">It will be processed in accordance with the rules. <\/span><\/span>\n\n<br \/><span style=\"font-weight: 400;\"><b>2. To whom and to what purpose the personal data would be processed:\n<\/b><\/span><br \/>\n\n<span style=\"font-weight: 400;\">Your personal data collected; in order to ensure the legal and commercial security and the business relations of the Law Firm and the business and business strategies of our Law Firm and your company, we shall provide our business partners, suppliers, legally authorized public institutions and private individuals in accordance with the personal data processing requirements and objectives specified in Articles No. 8 and 9 of the KVKK.\n<b><\/b><\/span>\n<br \/>\n\n<span style=\"font-weight: 400;\"><b>3. Method and the legal reason of collecting personal data:<\/b><\/span>\n<br \/>\n\n<span style=\"font-weight: 400;\">Your personal data, all kinds of verbal, written or electronic media\/environment, in accordance with the above mentioned purposes to offer our services within the scope of our Law Firm\u2019s contract and the liability of the law fully and accurately acquired in order to be fulfilled. Your personal data collected for this legal reason may be processed and transferred for the purposes specified in articles (1) and (2) of this text in accordance with the personal data processing requirements and purposes set out in Articles 5 and 6 of the (\u201cKVKK\u201d) Law.\n<b><\/b><\/span>\n<br \/>\n<span style=\"font-weight: 400;\">\n<b>\n4. Your rights arising out of article 11 of KVKK:\n<\/b>\n\n<\/span>\n<br \/>\n<span style=\"font-weight: 400;\">As personal data owners, if you submit your requests for your rights to our Law Firm by the methods set out below, our Law Firm will finalize it free of charge within 30 days at the latest. However, if a fee is stipulated by the Personal Data Protection Board, the fee set by our Law Firm will be charged. In this context, personal data owners;\n<\/span>\n\n<span style=\"font-weight: 400;\"> a. to learn whether your personal data and information are processed or not, and <\/span>\n\n<span style=\"font-weight: 400;\"> b. if processed, to request information in connection therewith, and <\/span>\n\n<span style=\"font-weight: 400;\"> c. to learn the purpose of processing and whether such data are used for the intended purposes or not, and <\/span>\n\n<span style=\"font-weight: 400;\"> d. to learn the identity of third parties who received such data at home or at abroad, and <\/span>\n\n<span style=\"font-weight: 400;\"> e. if your data are under processed or misprocessed, to demand correction of them, and <\/span>\n\n<span style=\"font-weight: 400;\"> f. to demand deletion\/destruction of such data under the conditions specified in Article 7 of KVKK, and <\/span>\n\n<span style=\"font-weight: 400;\"> g. to request notification of transactions effected pursuant to subparagraphs (e) and (f) hereinabove to persons to whom the data are transferred, and <\/span>\n\n<span style=\"font-weight: 400;\"> h. to object against a result obtained in disfavour of you due to analysis of such data solely via automatic systems, and <\/span>\n\n<span style=\"font-weight: 400;\"> i. if you incur damages due to processing of your data in violation of the laws, to demand indemnification of your damages. Your rights arising out of this Article will enter into force.\n<\/span>\n\n<span style=\"font-weight: 400;\">Pursuant to Article 13 (1) of the Law, you may submit your request for using your rights mentioned above, in written or personal data, through other methods determined by the Protection Board. Since the Personal Data Protection Board does not specify any method at this stage, you must submit your application in writing to our Law Firm in accordance with the CMLP. In this context, the channels, and procedures in which you will submit your application in writing to our Law Firm within the scope of Article 11 of the KVKK are described below.\n<\/span>\n\n<span style=\"font-weight: 400;\">Your request, including your right to use your rights and the information required to identify your identity and use the rights specified in Article 11 of the KVKK, in a clear and comprehensible manner, including the identification and documentation of the identification and address information. You must send it to info@kplegal.com.tr by e-mail or Ankara Cad. No:81 Bayrakl\u0131 Tower K:20 Bayrakl\u0131 IZMIR Turkey by written form.\n<\/span>\n\n<span style=\"font-weight: 400;\">Regards.\n<\/span>\n<br \/>\n<b> K&amp;P LEGAL LAW FIRM<\/b>\t\t\t\t\t\t\t\t<\/div>\n\t\t\t\t<\/div>\n\t\t\t\t\t<\/div>\n\t\t<\/div>\n\t\t\t\t\t<\/div>\n\t\t<\/section>\n\t\t\t\t<\/div>\n\t\t","protected":false},"excerpt":{"rendered":"<p>K&amp;P LEGAL LAW FIRM INFORMATION ABOUT PROTECTION OF PERSONAL DATA K&amp;P LEGAL LAW FIRM Pursuant to the Law on Protection of Personal Data no. 6698 (\u201cKVKK\u201d), we, the undersigned, as K&amp;P LEGAL LAW FIRM\/ Erdal Kardas &#8211; Yelda Topuz Kardas Partnership acting as Data Responsible for the purposes hereof, hereby declare that your personal data [&hellip;]<\/p>\n","protected":false},"author":9,"featured_media":0,"parent":0,"menu_order":0,"comment_status":"closed","ping_status":"closed","template":"","meta":{"_acf_changed":false,"footnotes":""},"class_list":["post-4279","page","type-page","status-publish","hentry"],"acf":[],"yoast_head":"<!-- This site is optimized with the Yoast SEO plugin v27.3 - https:\/\/yoast.com\/product\/yoast-seo-wordpress\/ -->\n<title>Public Disclosure Text | K&amp;P Legal | Global Hukuk B\u00fcrosu<\/title>\n<meta name=\"robots\" content=\"index, follow, max-snippet:-1, max-image-preview:large, max-video-preview:-1\" \/>\n<link rel=\"canonical\" href=\"https:\/\/kplegal.com.tr\/en\/public-disclosure-text\/\" \/>\n<meta property=\"og:locale\" content=\"en_US\" \/>\n<meta property=\"og:type\" content=\"article\" \/>\n<meta property=\"og:title\" content=\"Public Disclosure Text | K&amp;P Legal | Global Hukuk B\u00fcrosu\" \/>\n<meta property=\"og:description\" content=\"K&amp;P LEGAL LAW FIRM INFORMATION ABOUT PROTECTION OF PERSONAL DATA K&amp;P LEGAL LAW FIRM Pursuant to the Law on Protection of Personal Data no. 6698 (\u201cKVKK\u201d), we, the undersigned, as K&amp;P LEGAL LAW FIRM\/ Erdal Kardas &#8211; Yelda Topuz Kardas Partnership acting as Data Responsible for the purposes hereof, hereby declare that your personal data [&hellip;]\" \/>\n<meta property=\"og:url\" content=\"https:\/\/kplegal.com.tr\/en\/public-disclosure-text\/\" \/>\n<meta property=\"og:site_name\" content=\"K&amp;P Legal | Global Hukuk B\u00fcrosu\" \/>\n<meta property=\"article:publisher\" content=\"https:\/\/www.facebook.com\/KPLegalTurkey\" \/>\n<meta property=\"article:modified_time\" content=\"2023-02-03T12:24:42+00:00\" \/>\n<meta name=\"twitter:card\" content=\"summary_large_image\" \/>\n<meta name=\"twitter:site\" content=\"@KPLegalTurkey\" \/>\n<meta name=\"twitter:label1\" content=\"Est. reading time\" \/>\n\t<meta name=\"twitter:data1\" content=\"5 minutes\" \/>\n<script type=\"application\/ld+json\" class=\"yoast-schema-graph\">{\"@context\":\"https:\\\/\\\/schema.org\",\"@graph\":[{\"@type\":\"WebPage\",\"@id\":\"https:\\\/\\\/kplegal.com.tr\\\/en\\\/public-disclosure-text\\\/\",\"url\":\"https:\\\/\\\/kplegal.com.tr\\\/en\\\/public-disclosure-text\\\/\",\"name\":\"Public Disclosure Text | K&amp;P Legal | Global Hukuk B\u00fcrosu\",\"isPartOf\":{\"@id\":\"https:\\\/\\\/kplegal.com.tr\\\/en\\\/#website\"},\"datePublished\":\"2023-01-19T13:29:58+00:00\",\"dateModified\":\"2023-02-03T12:24:42+00:00\",\"breadcrumb\":{\"@id\":\"https:\\\/\\\/kplegal.com.tr\\\/en\\\/public-disclosure-text\\\/#breadcrumb\"},\"inLanguage\":\"en-US\",\"potentialAction\":[{\"@type\":\"ReadAction\",\"target\":[\"https:\\\/\\\/kplegal.com.tr\\\/en\\\/public-disclosure-text\\\/\"]}]},{\"@type\":\"BreadcrumbList\",\"@id\":\"https:\\\/\\\/kplegal.com.tr\\\/en\\\/public-disclosure-text\\\/#breadcrumb\",\"itemListElement\":[{\"@type\":\"ListItem\",\"position\":1,\"name\":\"Home\",\"item\":\"https:\\\/\\\/kplegal.com.tr\\\/en\\\/\"},{\"@type\":\"ListItem\",\"position\":2,\"name\":\"Public Disclosure Text\"}]},{\"@type\":\"WebSite\",\"@id\":\"https:\\\/\\\/kplegal.com.tr\\\/en\\\/#website\",\"url\":\"https:\\\/\\\/kplegal.com.tr\\\/en\\\/\",\"name\":\"K&amp;P Legal | Global Hukuk B\u00fcrosu\",\"description\":\"Ba\u015far\u0131ya giden yolda g\u00fcvenilir orta\u011f\u0131n\u0131z.\",\"publisher\":{\"@id\":\"https:\\\/\\\/kplegal.com.tr\\\/en\\\/#organization\"},\"potentialAction\":[{\"@type\":\"SearchAction\",\"target\":{\"@type\":\"EntryPoint\",\"urlTemplate\":\"https:\\\/\\\/kplegal.com.tr\\\/en\\\/?s={search_term_string}\"},\"query-input\":{\"@type\":\"PropertyValueSpecification\",\"valueRequired\":true,\"valueName\":\"search_term_string\"}}],\"inLanguage\":\"en-US\"},{\"@type\":\"Organization\",\"@id\":\"https:\\\/\\\/kplegal.com.tr\\\/en\\\/#organization\",\"name\":\"K&P Legal |Global Hukuk B\u00fcrosu\",\"url\":\"https:\\\/\\\/kplegal.com.tr\\\/en\\\/\",\"logo\":{\"@type\":\"ImageObject\",\"inLanguage\":\"en-US\",\"@id\":\"https:\\\/\\\/kplegal.com.tr\\\/en\\\/#\\\/schema\\\/logo\\\/image\\\/\",\"url\":\"https:\\\/\\\/kplegal.com.tr\\\/wp-content\\\/uploads\\\/2022\\\/01\\\/logo2.png\",\"contentUrl\":\"https:\\\/\\\/kplegal.com.tr\\\/wp-content\\\/uploads\\\/2022\\\/01\\\/logo2.png\",\"width\":216,\"height\":64,\"caption\":\"K&P Legal |Global Hukuk B\u00fcrosu\"},\"image\":{\"@id\":\"https:\\\/\\\/kplegal.com.tr\\\/en\\\/#\\\/schema\\\/logo\\\/image\\\/\"},\"sameAs\":[\"https:\\\/\\\/www.facebook.com\\\/KPLegalTurkey\",\"https:\\\/\\\/x.com\\\/KPLegalTurkey\",\"https:\\\/\\\/www.instagram.com\\\/kplegal_lawfirm\\\/\"]}]}<\/script>\n<!-- \/ Yoast SEO plugin. -->","yoast_head_json":{"title":"Public Disclosure Text | K&amp;P Legal | Global Hukuk B\u00fcrosu","robots":{"index":"index","follow":"follow","max-snippet":"max-snippet:-1","max-image-preview":"max-image-preview:large","max-video-preview":"max-video-preview:-1"},"canonical":"https:\/\/kplegal.com.tr\/en\/public-disclosure-text\/","og_locale":"en_US","og_type":"article","og_title":"Public Disclosure Text | K&amp;P Legal | Global Hukuk B\u00fcrosu","og_description":"K&amp;P LEGAL LAW FIRM INFORMATION ABOUT PROTECTION OF PERSONAL DATA K&amp;P LEGAL LAW FIRM Pursuant to the Law on Protection of Personal Data no. 6698 (\u201cKVKK\u201d), we, the undersigned, as K&amp;P LEGAL LAW FIRM\/ Erdal Kardas &#8211; Yelda Topuz Kardas Partnership acting as Data Responsible for the purposes hereof, hereby declare that your personal data [&hellip;]","og_url":"https:\/\/kplegal.com.tr\/en\/public-disclosure-text\/","og_site_name":"K&amp;P Legal | Global Hukuk B\u00fcrosu","article_publisher":"https:\/\/www.facebook.com\/KPLegalTurkey","article_modified_time":"2023-02-03T12:24:42+00:00","twitter_card":"summary_large_image","twitter_site":"@KPLegalTurkey","twitter_misc":{"Est. reading time":"5 minutes"},"schema":{"@context":"https:\/\/schema.org","@graph":[{"@type":"WebPage","@id":"https:\/\/kplegal.com.tr\/en\/public-disclosure-text\/","url":"https:\/\/kplegal.com.tr\/en\/public-disclosure-text\/","name":"Public Disclosure Text | K&amp;P Legal | Global Hukuk B\u00fcrosu","isPartOf":{"@id":"https:\/\/kplegal.com.tr\/en\/#website"},"datePublished":"2023-01-19T13:29:58+00:00","dateModified":"2023-02-03T12:24:42+00:00","breadcrumb":{"@id":"https:\/\/kplegal.com.tr\/en\/public-disclosure-text\/#breadcrumb"},"inLanguage":"en-US","potentialAction":[{"@type":"ReadAction","target":["https:\/\/kplegal.com.tr\/en\/public-disclosure-text\/"]}]},{"@type":"BreadcrumbList","@id":"https:\/\/kplegal.com.tr\/en\/public-disclosure-text\/#breadcrumb","itemListElement":[{"@type":"ListItem","position":1,"name":"Home","item":"https:\/\/kplegal.com.tr\/en\/"},{"@type":"ListItem","position":2,"name":"Public Disclosure Text"}]},{"@type":"WebSite","@id":"https:\/\/kplegal.com.tr\/en\/#website","url":"https:\/\/kplegal.com.tr\/en\/","name":"K&amp;P Legal | Global Hukuk B\u00fcrosu","description":"Ba\u015far\u0131ya giden yolda g\u00fcvenilir orta\u011f\u0131n\u0131z.","publisher":{"@id":"https:\/\/kplegal.com.tr\/en\/#organization"},"potentialAction":[{"@type":"SearchAction","target":{"@type":"EntryPoint","urlTemplate":"https:\/\/kplegal.com.tr\/en\/?s={search_term_string}"},"query-input":{"@type":"PropertyValueSpecification","valueRequired":true,"valueName":"search_term_string"}}],"inLanguage":"en-US"},{"@type":"Organization","@id":"https:\/\/kplegal.com.tr\/en\/#organization","name":"K&P Legal |Global Hukuk B\u00fcrosu","url":"https:\/\/kplegal.com.tr\/en\/","logo":{"@type":"ImageObject","inLanguage":"en-US","@id":"https:\/\/kplegal.com.tr\/en\/#\/schema\/logo\/image\/","url":"https:\/\/kplegal.com.tr\/wp-content\/uploads\/2022\/01\/logo2.png","contentUrl":"https:\/\/kplegal.com.tr\/wp-content\/uploads\/2022\/01\/logo2.png","width":216,"height":64,"caption":"K&P Legal |Global Hukuk B\u00fcrosu"},"image":{"@id":"https:\/\/kplegal.com.tr\/en\/#\/schema\/logo\/image\/"},"sameAs":["https:\/\/www.facebook.com\/KPLegalTurkey","https:\/\/x.com\/KPLegalTurkey","https:\/\/www.instagram.com\/kplegal_lawfirm\/"]}]}},"_links":{"self":[{"href":"https:\/\/kplegal.com.tr\/en\/wp-json\/wp\/v2\/pages\/4279","targetHints":{"allow":["GET"]}}],"collection":[{"href":"https:\/\/kplegal.com.tr\/en\/wp-json\/wp\/v2\/pages"}],"about":[{"href":"https:\/\/kplegal.com.tr\/en\/wp-json\/wp\/v2\/types\/page"}],"author":[{"embeddable":true,"href":"https:\/\/kplegal.com.tr\/en\/wp-json\/wp\/v2\/users\/9"}],"replies":[{"embeddable":true,"href":"https:\/\/kplegal.com.tr\/en\/wp-json\/wp\/v2\/comments?post=4279"}],"version-history":[{"count":9,"href":"https:\/\/kplegal.com.tr\/en\/wp-json\/wp\/v2\/pages\/4279\/revisions"}],"predecessor-version":[{"id":4495,"href":"https:\/\/kplegal.com.tr\/en\/wp-json\/wp\/v2\/pages\/4279\/revisions\/4495"}],"wp:attachment":[{"href":"https:\/\/kplegal.com.tr\/en\/wp-json\/wp\/v2\/media?parent=4279"}],"curies":[{"name":"wp","href":"https:\/\/api.w.org\/{rel}","templated":true}]}}