{"id":3960,"date":"2022-01-21T13:25:46","date_gmt":"2022-01-21T10:25:46","guid":{"rendered":"https:\/\/kplegal.com.tr\/about-us\/"},"modified":"2022-07-25T15:53:12","modified_gmt":"2022-07-25T12:53:12","slug":"about-us","status":"publish","type":"page","link":"https:\/\/kplegal.com.tr\/en\/about-us\/","title":{"rendered":"About Us"},"content":{"rendered":"\t\t<div data-elementor-type=\"wp-page\" data-elementor-id=\"3960\" class=\"elementor elementor-3960 elementor-285\" data-elementor-post-type=\"page\">\n\t\t\t\t\t\t<section class=\"elementor-section elementor-top-section elementor-element elementor-element-24e9a68a elementor-section-full_width elementor-section-height-min-height elementor-section-content-top elementor-section-height-default elementor-section-items-middle\" data-id=\"24e9a68a\" data-element_type=\"section\" data-settings=\"{&quot;background_background&quot;:&quot;classic&quot;}\">\n\t\t\t\t\t\t<div class=\"elementor-container elementor-column-gap-no\">\n\t\t\t\t\t<div class=\"elementor-column elementor-col-100 elementor-top-column elementor-element elementor-element-77486555\" data-id=\"77486555\" data-element_type=\"column\">\n\t\t\t<div class=\"elementor-widget-wrap elementor-element-populated\">\n\t\t\t\t\t\t\t<\/div>\n\t\t<\/div>\n\t\t\t\t\t<\/div>\n\t\t<\/section>\n\t\t\t\t<section class=\"elementor-section elementor-top-section elementor-element elementor-element-c92d53e elementor-section-boxed elementor-section-height-default elementor-section-height-default\" data-id=\"c92d53e\" data-element_type=\"section\">\n\t\t\t\t\t\t<div class=\"elementor-container elementor-column-gap-default\">\n\t\t\t\t\t<div class=\"elementor-column elementor-col-50 elementor-top-column elementor-element elementor-element-d5b9e6e\" data-id=\"d5b9e6e\" data-element_type=\"column\">\n\t\t\t<div class=\"elementor-widget-wrap elementor-element-populated\">\n\t\t\t\t\t\t<div class=\"elementor-element elementor-element-1164346 elementor-widget elementor-widget-text-editor\" data-id=\"1164346\" data-element_type=\"widget\" data-widget_type=\"text-editor.default\">\n\t\t\t\t<div class=\"elementor-widget-container\">\n\t\t\t\t\t\t\t\t\t<p>Founded in 1990, K&amp;P Legal is a leading Turkish Law Firm in continuous expansion. K&amp;P Legal provides consultancy services to multinational companies investing and doing business in Turkey and Turkish companies operating internationally.<\/p><p>K&amp;P Legal engages in cross-border transactions in both International and Turkish Law. K&amp;P Legal is in continuous and controlled expansion by the force of talented and the lawyer team of proven expertises, associated with a pragmatic approach to the cases and an involvement in cutting-edge deals.<\/p><p>As a result, K&amp;P Legal has a solid and coveted reputation of integrity and commitment towards the clients acquired through K&amp;P Legal\u2019s solid comprehension of the markets and Clients\u2019 sectors. Indeed with K&amp;P Legal, client\u2019s can find a dynamic partner whose prime mission is to understand and answer their needs.<\/p><p>More than a global Legal advice, K&amp;P Legal became a strategic and privileged partner for the Clients. Indeed, it is accompanied daily and in needed moments of their development, for both Turkish and International Companies and Publics Institutions.<\/p><p>Within K&amp;P Legal, specific working conditions have been created for each employee, thus, it is aimed to meet the legal needs of our clients and companies from a single source, without the need for other searches, in a fast, reliable and flawless manner. In this way, a continuous and uninterrupted service is provided in the consultancy and advocacy services, as well as a special enforcement follow-up department within the office in order to carry out fast and reliable enforcement proceedings in line with the needs of the client companies and to reach the result as soon as possible as desired by the clients.<\/p>\t\t\t\t\t\t\t\t<\/div>\n\t\t\t\t<\/div>\n\t\t\t\t\t<\/div>\n\t\t<\/div>\n\t\t\t\t<div class=\"elementor-column elementor-col-50 elementor-top-column elementor-element elementor-element-c7a0e3b\" data-id=\"c7a0e3b\" data-element_type=\"column\">\n\t\t\t<div class=\"elementor-widget-wrap elementor-element-populated\">\n\t\t\t\t\t\t<div class=\"elementor-element elementor-element-902f6f8 elementor-widget elementor-widget-image\" data-id=\"902f6f8\" data-element_type=\"widget\" data-widget_type=\"image.default\">\n\t\t\t\t<div class=\"elementor-widget-container\">\n\t\t\t\t\t\t\t\t\t\t\t\t\t\t\t<img fetchpriority=\"high\" decoding=\"async\" width=\"359\" height=\"578\" src=\"https:\/\/kplegal.com.tr\/wp-content\/uploads\/2022\/01\/hakkimizda.png\" class=\"attachment-full size-full wp-image-1725\" alt=\"\" srcset=\"https:\/\/kplegal.com.tr\/wp-content\/uploads\/2022\/01\/hakkimizda.png 359w, https:\/\/kplegal.com.tr\/wp-content\/uploads\/2022\/01\/hakkimizda-186x300.png 186w\" sizes=\"(max-width: 359px) 100vw, 359px\" \/>\t\t\t\t\t\t\t\t\t\t\t\t\t\t\t<\/div>\n\t\t\t\t<\/div>\n\t\t\t\t\t<\/div>\n\t\t<\/div>\n\t\t\t\t\t<\/div>\n\t\t<\/section>\n\t\t\t\t<section class=\"elementor-section elementor-top-section elementor-element elementor-element-c2ef5f5 elementor-section-boxed elementor-section-height-default elementor-section-height-default\" data-id=\"c2ef5f5\" data-element_type=\"section\">\n\t\t\t\t\t\t<div class=\"elementor-container elementor-column-gap-default\">\n\t\t\t\t\t<div class=\"elementor-column elementor-col-100 elementor-top-column elementor-element elementor-element-f49d0db\" data-id=\"f49d0db\" data-element_type=\"column\">\n\t\t\t<div class=\"elementor-widget-wrap elementor-element-populated\">\n\t\t\t\t\t\t<div class=\"elementor-element elementor-element-0fb6956 elementor-widget elementor-widget-text-editor\" data-id=\"0fb6956\" data-element_type=\"widget\" data-widget_type=\"text-editor.default\">\n\t\t\t\t<div class=\"elementor-widget-container\">\n\t\t\t\t\t\t\t\t\t<p>Through the lawyers and members of our Law Office, Union of Turkish Bar Associations, \u0130zmir Bar Association, Istanbul Bar Association, Ankara Bar Association, Italian Chamber of Commerce and Industry Association, German Turkish Chamber of Commerce and Industry, Turkish American Businessmen Association, Aegean Kobider Association, Aegean Region Chamber of Industry Industrial Relations Committee It is a member of many international professional organizations such as the International Bar Association and the International Bar Association. Our Law Firm is also listed in the advisory American Embassy Private Lawyers List, British Consulate Law Firms list and German Consulate Lawyers list.<\/p><p>K&amp;P Legal has also carried out invaluable legal studies on foreign direct investments made by foreign capital companies in Turkey, mergers, acquisitions and mergers, share purchases and other foreign capital movements, and has contributed to the growth of many domestic companies and serious investments in our country. He was proud to have won. In order to facilitate this service, we also have solution partner law offices in many countries of the world with which we cooperate when necessary.<\/p><p>K&amp;P Legal also works in the field of International Law, both representing Turkish entrepreneurs and Turkish companies in the international arena, supporting them to invest and trade in foreign countries, and also to many companies with foreign capital, including world giants, and many leading institutions of our country. , Chambers of Industry, Organized Industrial Zones, Commodity Exchanges and international organizations for many years has provided legal consultancy and advocacy services, and continues to do so.<\/p>\t\t\t\t\t\t\t\t<\/div>\n\t\t\t\t<\/div>\n\t\t\t\t\t<\/div>\n\t\t<\/div>\n\t\t\t\t\t<\/div>\n\t\t<\/section>\n\t\t\t\t<section class=\"elementor-section elementor-top-section elementor-element elementor-element-7102c58 elementor-reverse-mobile elementor-section-boxed elementor-section-height-default elementor-section-height-default\" data-id=\"7102c58\" data-element_type=\"section\">\n\t\t\t\t\t\t<div class=\"elementor-container elementor-column-gap-default\">\n\t\t\t\t\t<div class=\"elementor-column elementor-col-50 elementor-top-column elementor-element elementor-element-159faa8\" data-id=\"159faa8\" data-element_type=\"column\">\n\t\t\t<div class=\"elementor-widget-wrap elementor-element-populated\">\n\t\t\t\t\t\t<div class=\"elementor-element elementor-element-bef5474 elementor-widget elementor-widget-image\" data-id=\"bef5474\" data-element_type=\"widget\" data-widget_type=\"image.default\">\n\t\t\t\t<div class=\"elementor-widget-container\">\n\t\t\t\t\t\t\t\t\t\t\t\t\t\t\t<img decoding=\"async\" src=\"https:\/\/kplegal.com.tr\/wp-content\/uploads\/2022\/01\/imageAbout1.png\" title=\"imageAbout1\" alt=\"imageAbout1\" loading=\"lazy\" \/>\t\t\t\t\t\t\t\t\t\t\t\t\t\t\t<\/div>\n\t\t\t\t<\/div>\n\t\t\t\t\t<\/div>\n\t\t<\/div>\n\t\t\t\t<div class=\"elementor-column elementor-col-50 elementor-top-column elementor-element elementor-element-2092f28\" data-id=\"2092f28\" data-element_type=\"column\">\n\t\t\t<div class=\"elementor-widget-wrap elementor-element-populated\">\n\t\t\t\t\t\t<div class=\"elementor-element elementor-element-bc1cd8a elementor-widget elementor-widget-heading\" data-id=\"bc1cd8a\" data-element_type=\"widget\" data-widget_type=\"heading.default\">\n\t\t\t\t<div class=\"elementor-widget-container\">\n\t\t\t\t\t<h2 class=\"elementor-heading-title elementor-size-default\">Our Approach and Our Promise<\/h2>\t\t\t\t<\/div>\n\t\t\t\t<\/div>\n\t\t\t\t<div class=\"elementor-element elementor-element-b901791 elementor-widget elementor-widget-text-editor\" data-id=\"b901791\" data-element_type=\"widget\" data-widget_type=\"text-editor.default\">\n\t\t\t\t<div class=\"elementor-widget-container\">\n\t\t\t\t\t\t\t\t\t<p>As K&amp;P Legal team, it is our basic philosophy to meet all kinds of legal needs of client individuals and companies at the maximum level and to contribute to the development of your company economically and commercially.<\/p><p>With all these efforts, it is aimed to establish a secure legal infrastructure in your company, which is connected with a solid corporate culture, to minimize the number of legal disputes and to protect the company&#8217;s interests to the maximum extent in case of conflicts.<\/p><p>At this point, our approach is to help protect your company&#8217;s reputation, to contribute to the growth of your company at the highest level by creating a legal protection umbrella.<\/p><p>As K&amp;P Legal team, we promise this, we know very well that you need to have absolute trust in your lawyers and legal advisors, and we work for this.<\/p>\t\t\t\t\t\t\t\t<\/div>\n\t\t\t\t<\/div>\n\t\t\t\t\t<\/div>\n\t\t<\/div>\n\t\t\t\t\t<\/div>\n\t\t<\/section>\n\t\t\t\t<section class=\"elementor-section elementor-top-section elementor-element elementor-element-1069fc6 elementor-section-boxed elementor-section-height-default elementor-section-height-default\" data-id=\"1069fc6\" data-element_type=\"section\">\n\t\t\t\t\t\t<div class=\"elementor-container elementor-column-gap-default\">\n\t\t\t\t\t<div class=\"elementor-column elementor-col-50 elementor-top-column elementor-element elementor-element-22e91bf\" data-id=\"22e91bf\" data-element_type=\"column\">\n\t\t\t<div class=\"elementor-widget-wrap elementor-element-populated\">\n\t\t\t\t\t\t<div class=\"elementor-element elementor-element-51b4b6c elementor-widget elementor-widget-heading\" data-id=\"51b4b6c\" data-element_type=\"widget\" data-widget_type=\"heading.default\">\n\t\t\t\t<div class=\"elementor-widget-container\">\n\t\t\t\t\t<h2 class=\"elementor-heading-title elementor-size-default\">Ethic<\/h2>\t\t\t\t<\/div>\n\t\t\t\t<\/div>\n\t\t\t\t<div class=\"elementor-element elementor-element-5da7da8 elementor-widget elementor-widget-text-editor\" data-id=\"5da7da8\" data-element_type=\"widget\" data-widget_type=\"text-editor.default\">\n\t\t\t\t<div class=\"elementor-widget-container\">\n\t\t\t\t\t\t\t\t\t<p>K&amp;P Legal, as a law firm that is always open to new ideas, constantly follows change, and uses technology to the fullest, has adopted the principle of delivering the fastest and most accurate information to its clients in the most reliable way.<\/p><p>In this respect, most importantly, it has adopted the principle of defending the rights of individuals and companies that are its clients to the end and protecting their secrets, while ensuring transparency in all aspects towards its clients.<\/p>\t\t\t\t\t\t\t\t<\/div>\n\t\t\t\t<\/div>\n\t\t\t\t\t<\/div>\n\t\t<\/div>\n\t\t\t\t<div class=\"elementor-column elementor-col-50 elementor-top-column elementor-element elementor-element-3678b00\" data-id=\"3678b00\" data-element_type=\"column\">\n\t\t\t<div class=\"elementor-widget-wrap elementor-element-populated\">\n\t\t\t\t\t\t<div class=\"elementor-element elementor-element-87cb0d2 elementor-widget elementor-widget-image\" data-id=\"87cb0d2\" data-element_type=\"widget\" data-widget_type=\"image.default\">\n\t\t\t\t<div class=\"elementor-widget-container\">\n\t\t\t\t\t\t\t\t\t\t\t\t\t\t\t<img decoding=\"async\" width=\"359\" height=\"420\" src=\"https:\/\/kplegal.com.tr\/wp-content\/uploads\/2022\/01\/imageAbout2.png\" class=\"attachment-full size-full wp-image-1727\" alt=\"\" srcset=\"https:\/\/kplegal.com.tr\/wp-content\/uploads\/2022\/01\/imageAbout2.png 359w, https:\/\/kplegal.com.tr\/wp-content\/uploads\/2022\/01\/imageAbout2-256x300.png 256w\" sizes=\"(max-width: 359px) 100vw, 359px\" loading=\"lazy\" \/>\t\t\t\t\t\t\t\t\t\t\t\t\t\t\t<\/div>\n\t\t\t\t<\/div>\n\t\t\t\t\t<\/div>\n\t\t<\/div>\n\t\t\t\t\t<\/div>\n\t\t<\/section>\n\t\t\t\t<\/div>\n\t\t","protected":false},"excerpt":{"rendered":"<p>Founded in 1990, K&amp;P Legal is a leading Turkish Law Firm in continuous expansion. K&amp;P Legal provides consultancy services to multinational companies investing and doing business in Turkey and Turkish companies operating internationally. K&amp;P Legal engages in cross-border transactions in both International and Turkish Law. K&amp;P Legal is in continuous and controlled expansion by the [&hellip;]<\/p>\n","protected":false},"author":9,"featured_media":0,"parent":0,"menu_order":1,"comment_status":"closed","ping_status":"closed","template":"","meta":{"_acf_changed":false,"footnotes":""},"class_list":["post-3960","page","type-page","status-publish","hentry"],"acf":[],"yoast_head":"<!-- This site is optimized with the Yoast SEO plugin v27.3 - https:\/\/yoast.com\/product\/yoast-seo-wordpress\/ -->\n<title>About Us | K&amp;P Legal | Global Hukuk B\u00fcrosu<\/title>\n<meta name=\"description\" content=\"Founded in 1990, K&amp;P Legal is a leading Turkish Law Firm in continuous expansion. K&amp;P Legal provides consultancy services to multinational companies investing and doing business in Turkey and Turkish companies operating internationally.\" \/>\n<meta name=\"robots\" content=\"index, follow, max-snippet:-1, max-image-preview:large, max-video-preview:-1\" \/>\n<link rel=\"canonical\" href=\"https:\/\/kplegal.com.tr\/en\/about-us\/\" \/>\n<meta property=\"og:locale\" content=\"en_US\" \/>\n<meta property=\"og:type\" content=\"article\" \/>\n<meta property=\"og:title\" content=\"About Us | K&amp;P Legal | Global Hukuk B\u00fcrosu\" \/>\n<meta property=\"og:description\" content=\"Founded in 1990, K&amp;P Legal is a leading Turkish Law Firm in continuous expansion. K&amp;P Legal provides consultancy services to multinational companies investing and doing business in Turkey and Turkish companies operating internationally.\" \/>\n<meta property=\"og:url\" content=\"https:\/\/kplegal.com.tr\/en\/about-us\/\" \/>\n<meta property=\"og:site_name\" content=\"K&amp;P Legal | Global Hukuk B\u00fcrosu\" \/>\n<meta property=\"article:publisher\" content=\"https:\/\/www.facebook.com\/KPLegalTurkey\" \/>\n<meta property=\"article:modified_time\" content=\"2022-07-25T12:53:12+00:00\" \/>\n<meta property=\"og:image\" content=\"https:\/\/kplegal.com.tr\/wp-content\/uploads\/2022\/01\/hakkimizda.png\" \/>\n<meta name=\"twitter:card\" content=\"summary_large_image\" \/>\n<meta name=\"twitter:site\" content=\"@KPLegalTurkey\" \/>\n<meta name=\"twitter:label1\" content=\"Est. reading time\" \/>\n\t<meta name=\"twitter:data1\" content=\"4 minutes\" \/>\n<script type=\"application\/ld+json\" class=\"yoast-schema-graph\">{\"@context\":\"https:\\\/\\\/schema.org\",\"@graph\":[{\"@type\":\"WebPage\",\"@id\":\"https:\\\/\\\/kplegal.com.tr\\\/en\\\/about-us\\\/\",\"url\":\"https:\\\/\\\/kplegal.com.tr\\\/en\\\/about-us\\\/\",\"name\":\"About Us | K&amp;P Legal | Global Hukuk B\u00fcrosu\",\"isPartOf\":{\"@id\":\"https:\\\/\\\/kplegal.com.tr\\\/en\\\/#website\"},\"primaryImageOfPage\":{\"@id\":\"https:\\\/\\\/kplegal.com.tr\\\/en\\\/about-us\\\/#primaryimage\"},\"image\":{\"@id\":\"https:\\\/\\\/kplegal.com.tr\\\/en\\\/about-us\\\/#primaryimage\"},\"thumbnailUrl\":\"https:\\\/\\\/kplegal.com.tr\\\/wp-content\\\/uploads\\\/2022\\\/01\\\/hakkimizda.png\",\"datePublished\":\"2022-01-21T10:25:46+00:00\",\"dateModified\":\"2022-07-25T12:53:12+00:00\",\"description\":\"Founded in 1990, K&P Legal is a leading Turkish Law Firm in continuous expansion. K&P Legal provides consultancy services to multinational companies investing and doing business in Turkey and Turkish companies operating internationally.\",\"breadcrumb\":{\"@id\":\"https:\\\/\\\/kplegal.com.tr\\\/en\\\/about-us\\\/#breadcrumb\"},\"inLanguage\":\"en-US\",\"potentialAction\":[{\"@type\":\"ReadAction\",\"target\":[\"https:\\\/\\\/kplegal.com.tr\\\/en\\\/about-us\\\/\"]}]},{\"@type\":\"ImageObject\",\"inLanguage\":\"en-US\",\"@id\":\"https:\\\/\\\/kplegal.com.tr\\\/en\\\/about-us\\\/#primaryimage\",\"url\":\"https:\\\/\\\/kplegal.com.tr\\\/wp-content\\\/uploads\\\/2022\\\/01\\\/hakkimizda.png\",\"contentUrl\":\"https:\\\/\\\/kplegal.com.tr\\\/wp-content\\\/uploads\\\/2022\\\/01\\\/hakkimizda.png\"},{\"@type\":\"BreadcrumbList\",\"@id\":\"https:\\\/\\\/kplegal.com.tr\\\/en\\\/about-us\\\/#breadcrumb\",\"itemListElement\":[{\"@type\":\"ListItem\",\"position\":1,\"name\":\"Home\",\"item\":\"https:\\\/\\\/kplegal.com.tr\\\/en\\\/\"},{\"@type\":\"ListItem\",\"position\":2,\"name\":\"About Us\"}]},{\"@type\":\"WebSite\",\"@id\":\"https:\\\/\\\/kplegal.com.tr\\\/en\\\/#website\",\"url\":\"https:\\\/\\\/kplegal.com.tr\\\/en\\\/\",\"name\":\"K&amp;P Legal | Global Hukuk B\u00fcrosu\",\"description\":\"Ba\u015far\u0131ya giden yolda g\u00fcvenilir orta\u011f\u0131n\u0131z.\",\"publisher\":{\"@id\":\"https:\\\/\\\/kplegal.com.tr\\\/en\\\/#organization\"},\"potentialAction\":[{\"@type\":\"SearchAction\",\"target\":{\"@type\":\"EntryPoint\",\"urlTemplate\":\"https:\\\/\\\/kplegal.com.tr\\\/en\\\/?s={search_term_string}\"},\"query-input\":{\"@type\":\"PropertyValueSpecification\",\"valueRequired\":true,\"valueName\":\"search_term_string\"}}],\"inLanguage\":\"en-US\"},{\"@type\":\"Organization\",\"@id\":\"https:\\\/\\\/kplegal.com.tr\\\/en\\\/#organization\",\"name\":\"K&P Legal |Global Hukuk B\u00fcrosu\",\"url\":\"https:\\\/\\\/kplegal.com.tr\\\/en\\\/\",\"logo\":{\"@type\":\"ImageObject\",\"inLanguage\":\"en-US\",\"@id\":\"https:\\\/\\\/kplegal.com.tr\\\/en\\\/#\\\/schema\\\/logo\\\/image\\\/\",\"url\":\"https:\\\/\\\/kplegal.com.tr\\\/wp-content\\\/uploads\\\/2022\\\/01\\\/logo2.png\",\"contentUrl\":\"https:\\\/\\\/kplegal.com.tr\\\/wp-content\\\/uploads\\\/2022\\\/01\\\/logo2.png\",\"width\":216,\"height\":64,\"caption\":\"K&P Legal |Global Hukuk B\u00fcrosu\"},\"image\":{\"@id\":\"https:\\\/\\\/kplegal.com.tr\\\/en\\\/#\\\/schema\\\/logo\\\/image\\\/\"},\"sameAs\":[\"https:\\\/\\\/www.facebook.com\\\/KPLegalTurkey\",\"https:\\\/\\\/x.com\\\/KPLegalTurkey\",\"https:\\\/\\\/www.instagram.com\\\/kplegal_lawfirm\\\/\"]}]}<\/script>\n<!-- \/ Yoast SEO plugin. -->","yoast_head_json":{"title":"About Us | K&amp;P Legal | Global Hukuk B\u00fcrosu","description":"Founded in 1990, K&P Legal is a leading Turkish Law Firm in continuous expansion. K&P Legal provides consultancy services to multinational companies investing and doing business in Turkey and Turkish companies operating internationally.","robots":{"index":"index","follow":"follow","max-snippet":"max-snippet:-1","max-image-preview":"max-image-preview:large","max-video-preview":"max-video-preview:-1"},"canonical":"https:\/\/kplegal.com.tr\/en\/about-us\/","og_locale":"en_US","og_type":"article","og_title":"About Us | K&amp;P Legal | Global Hukuk B\u00fcrosu","og_description":"Founded in 1990, K&P Legal is a leading Turkish Law Firm in continuous expansion. K&P Legal provides consultancy services to multinational companies investing and doing business in Turkey and Turkish companies operating internationally.","og_url":"https:\/\/kplegal.com.tr\/en\/about-us\/","og_site_name":"K&amp;P Legal | Global Hukuk B\u00fcrosu","article_publisher":"https:\/\/www.facebook.com\/KPLegalTurkey","article_modified_time":"2022-07-25T12:53:12+00:00","og_image":[{"url":"https:\/\/kplegal.com.tr\/wp-content\/uploads\/2022\/01\/hakkimizda.png","type":"","width":"","height":""}],"twitter_card":"summary_large_image","twitter_site":"@KPLegalTurkey","twitter_misc":{"Est. reading time":"4 minutes"},"schema":{"@context":"https:\/\/schema.org","@graph":[{"@type":"WebPage","@id":"https:\/\/kplegal.com.tr\/en\/about-us\/","url":"https:\/\/kplegal.com.tr\/en\/about-us\/","name":"About Us | K&amp;P Legal | Global Hukuk B\u00fcrosu","isPartOf":{"@id":"https:\/\/kplegal.com.tr\/en\/#website"},"primaryImageOfPage":{"@id":"https:\/\/kplegal.com.tr\/en\/about-us\/#primaryimage"},"image":{"@id":"https:\/\/kplegal.com.tr\/en\/about-us\/#primaryimage"},"thumbnailUrl":"https:\/\/kplegal.com.tr\/wp-content\/uploads\/2022\/01\/hakkimizda.png","datePublished":"2022-01-21T10:25:46+00:00","dateModified":"2022-07-25T12:53:12+00:00","description":"Founded in 1990, K&P Legal is a leading Turkish Law Firm in continuous expansion. K&P Legal provides consultancy services to multinational companies investing and doing business in Turkey and Turkish companies operating internationally.","breadcrumb":{"@id":"https:\/\/kplegal.com.tr\/en\/about-us\/#breadcrumb"},"inLanguage":"en-US","potentialAction":[{"@type":"ReadAction","target":["https:\/\/kplegal.com.tr\/en\/about-us\/"]}]},{"@type":"ImageObject","inLanguage":"en-US","@id":"https:\/\/kplegal.com.tr\/en\/about-us\/#primaryimage","url":"https:\/\/kplegal.com.tr\/wp-content\/uploads\/2022\/01\/hakkimizda.png","contentUrl":"https:\/\/kplegal.com.tr\/wp-content\/uploads\/2022\/01\/hakkimizda.png"},{"@type":"BreadcrumbList","@id":"https:\/\/kplegal.com.tr\/en\/about-us\/#breadcrumb","itemListElement":[{"@type":"ListItem","position":1,"name":"Home","item":"https:\/\/kplegal.com.tr\/en\/"},{"@type":"ListItem","position":2,"name":"About Us"}]},{"@type":"WebSite","@id":"https:\/\/kplegal.com.tr\/en\/#website","url":"https:\/\/kplegal.com.tr\/en\/","name":"K&amp;P Legal | Global Hukuk B\u00fcrosu","description":"Ba\u015far\u0131ya giden yolda g\u00fcvenilir orta\u011f\u0131n\u0131z.","publisher":{"@id":"https:\/\/kplegal.com.tr\/en\/#organization"},"potentialAction":[{"@type":"SearchAction","target":{"@type":"EntryPoint","urlTemplate":"https:\/\/kplegal.com.tr\/en\/?s={search_term_string}"},"query-input":{"@type":"PropertyValueSpecification","valueRequired":true,"valueName":"search_term_string"}}],"inLanguage":"en-US"},{"@type":"Organization","@id":"https:\/\/kplegal.com.tr\/en\/#organization","name":"K&P Legal |Global Hukuk B\u00fcrosu","url":"https:\/\/kplegal.com.tr\/en\/","logo":{"@type":"ImageObject","inLanguage":"en-US","@id":"https:\/\/kplegal.com.tr\/en\/#\/schema\/logo\/image\/","url":"https:\/\/kplegal.com.tr\/wp-content\/uploads\/2022\/01\/logo2.png","contentUrl":"https:\/\/kplegal.com.tr\/wp-content\/uploads\/2022\/01\/logo2.png","width":216,"height":64,"caption":"K&P Legal |Global Hukuk B\u00fcrosu"},"image":{"@id":"https:\/\/kplegal.com.tr\/en\/#\/schema\/logo\/image\/"},"sameAs":["https:\/\/www.facebook.com\/KPLegalTurkey","https:\/\/x.com\/KPLegalTurkey","https:\/\/www.instagram.com\/kplegal_lawfirm\/"]}]}},"_links":{"self":[{"href":"https:\/\/kplegal.com.tr\/en\/wp-json\/wp\/v2\/pages\/3960","targetHints":{"allow":["GET"]}}],"collection":[{"href":"https:\/\/kplegal.com.tr\/en\/wp-json\/wp\/v2\/pages"}],"about":[{"href":"https:\/\/kplegal.com.tr\/en\/wp-json\/wp\/v2\/types\/page"}],"author":[{"embeddable":true,"href":"https:\/\/kplegal.com.tr\/en\/wp-json\/wp\/v2\/users\/9"}],"replies":[{"embeddable":true,"href":"https:\/\/kplegal.com.tr\/en\/wp-json\/wp\/v2\/comments?post=3960"}],"version-history":[{"count":3,"href":"https:\/\/kplegal.com.tr\/en\/wp-json\/wp\/v2\/pages\/3960\/revisions"}],"predecessor-version":[{"id":3965,"href":"https:\/\/kplegal.com.tr\/en\/wp-json\/wp\/v2\/pages\/3960\/revisions\/3965"}],"wp:attachment":[{"href":"https:\/\/kplegal.com.tr\/en\/wp-json\/wp\/v2\/media?parent=3960"}],"curies":[{"name":"wp","href":"https:\/\/api.w.org\/{rel}","templated":true}]}}