{"id":3530,"date":"2022-02-03T14:28:49","date_gmt":"2022-02-03T11:28:49","guid":{"rendered":"https:\/\/kplegal.com.tr\/cookie-policy\/"},"modified":"2022-06-02T15:03:20","modified_gmt":"2022-06-02T12:03:20","slug":"cookie-policy","status":"publish","type":"page","link":"https:\/\/kplegal.com.tr\/en\/cookie-policy\/","title":{"rendered":"Cookie Policy"},"content":{"rendered":"\t\t<div data-elementor-type=\"wp-page\" data-elementor-id=\"3530\" class=\"elementor elementor-3530 elementor-2383\" data-elementor-post-type=\"page\">\n\t\t\t\t\t\t<section class=\"elementor-section elementor-top-section elementor-element elementor-element-0e1b9e0 elementor-section-boxed elementor-section-height-default elementor-section-height-default\" data-id=\"0e1b9e0\" data-element_type=\"section\">\n\t\t\t\t\t\t<div class=\"elementor-container elementor-column-gap-default\">\n\t\t\t\t\t<div class=\"elementor-column elementor-col-50 elementor-top-column elementor-element elementor-element-e6b525f\" data-id=\"e6b525f\" data-element_type=\"column\">\n\t\t\t<div class=\"elementor-widget-wrap elementor-element-populated\">\n\t\t\t\t\t\t<div class=\"elementor-element elementor-element-40aac75 elementor-widget elementor-widget-heading\" data-id=\"40aac75\" data-element_type=\"widget\" data-widget_type=\"heading.default\">\n\t\t\t\t<div class=\"elementor-widget-container\">\n\t\t\t\t\t<h1 class=\"elementor-heading-title elementor-size-default\">COOKIE POLICY<\/h1>\t\t\t\t<\/div>\n\t\t\t\t<\/div>\n\t\t\t\t\t<\/div>\n\t\t<\/div>\n\t\t\t\t<div class=\"elementor-column elementor-col-50 elementor-top-column elementor-element elementor-element-19d2f17\" data-id=\"19d2f17\" data-element_type=\"column\">\n\t\t\t<div class=\"elementor-widget-wrap elementor-element-populated\">\n\t\t\t\t\t\t<div class=\"elementor-element elementor-element-bafc69c elementor-align-right elementor-mobile-align-left elementor-widget elementor-widget-breadcrumbs\" data-id=\"bafc69c\" data-element_type=\"widget\" data-widget_type=\"breadcrumbs.default\">\n\t\t\t\t<div class=\"elementor-widget-container\">\n\t\t\t\t\t<p id=\"breadcrumbs\"><span><span><a href=\"https:\/\/kplegal.com.tr\/en\/\">Home<\/a><\/span><\/span><\/p>\t\t\t\t<\/div>\n\t\t\t\t<\/div>\n\t\t\t\t\t<\/div>\n\t\t<\/div>\n\t\t\t\t\t<\/div>\n\t\t<\/section>\n\t\t\t\t<section class=\"elementor-section elementor-top-section elementor-element elementor-element-f0bf87e elementor-section-boxed elementor-section-height-default elementor-section-height-default\" data-id=\"f0bf87e\" data-element_type=\"section\">\n\t\t\t\t\t\t<div class=\"elementor-container elementor-column-gap-default\">\n\t\t\t\t\t<div class=\"elementor-column elementor-col-100 elementor-top-column elementor-element elementor-element-9968836\" data-id=\"9968836\" data-element_type=\"column\">\n\t\t\t<div class=\"elementor-widget-wrap elementor-element-populated\">\n\t\t\t\t\t\t<div class=\"elementor-element elementor-element-b6e8b90 elementor-widget elementor-widget-heading\" data-id=\"b6e8b90\" data-element_type=\"widget\" data-widget_type=\"heading.default\">\n\t\t\t\t<div class=\"elementor-widget-container\">\n\t\t\t\t\t<h2 class=\"elementor-heading-title elementor-size-default\">COOKIE POLICY UNDER KVKK<\/h2>\t\t\t\t<\/div>\n\t\t\t\t<\/div>\n\t\t\t\t<div class=\"elementor-element elementor-element-7acd5a6 elementor-widget elementor-widget-text-editor\" data-id=\"7acd5a6\" data-element_type=\"widget\" data-widget_type=\"text-editor.default\">\n\t\t\t\t<div class=\"elementor-widget-container\">\n\t\t\t\t\t\t\t\t\t<div><div>K&amp;P LEGAL LAW FIRM \/ Erdal Kardas &#8211; Yelda Topuz Kardas Partnership (\u201cLaw Firm\u201d) websites,<\/div><div>electronic platforms, applications, or e-mail messages sent by the law firm; or<\/div><div>while accessing advertisements, users&#8217; computers, mobile phones, tablets or other devices used.<\/div><div>Small data files can be placed to record and collect certain data. computer and<\/div><div>These data files placed on other devices may be cookies, pixel tags, flash cookies and web beacons,<\/div><div>There may also be other similar technologies for data storage purposes. In this Policy, by the law firm<\/div><div>The term &#8220;cookie&#8221; is used to express cookies and similar technologies that can be used. via cookies<\/div><div>Although it is possible to collect personal data, all kinds of data collected through cookies are considered as personal data.<\/div><div>will not be able to carry. For this reason, the data obtained through cookies can only be personal data within the framework of Turkish law.<\/div><div>To the extent that they constitute, they will be evaluated within the scope of this Policy and the Law on the Protection of Personal Data (KVKK).<\/div><div>It must be taken into attention.<\/div><\/div>\t\t\t\t\t\t\t\t<\/div>\n\t\t\t\t<\/div>\n\t\t\t\t<div class=\"elementor-element elementor-element-bbeda29 elementor-widget elementor-widget-heading\" data-id=\"bbeda29\" data-element_type=\"widget\" data-widget_type=\"heading.default\">\n\t\t\t\t<div class=\"elementor-widget-container\">\n\t\t\t\t\t<h2 class=\"elementor-heading-title elementor-size-default\">Types of Cookies\n<\/h2>\t\t\t\t<\/div>\n\t\t\t\t<\/div>\n\t\t\t\t<div class=\"elementor-element elementor-element-830dd71 elementor-widget elementor-widget-text-editor\" data-id=\"830dd71\" data-element_type=\"widget\" data-widget_type=\"text-editor.default\">\n\t\t\t\t<div class=\"elementor-widget-container\">\n\t\t\t\t\t\t\t\t\t<div><div>Cookies can be classified in terms of duration or according to the domain name they belong to. Cookies, in terms of time<\/div><div>In case of classification, they are divided into two as session cookies and permanent cookies. session cookies,<\/div><div>Persistent cookies mean cookies that are deleted when the user closes the browser.<\/div><div>These are cookies that remain on the user&#8217;s computer\/device for the duration. Cookies are based on the domain they belong to.<\/div><div>If they are classified, they are divided into two as related party cookies and third party cookies. visited<\/div><div>Cookies placed by the domain are called related party cookies, while a different domain visited<\/div><div>Cookies placed by us are referred to as third party cookies. outside the visited area<\/div><div>Third-party cookies are mentioned in the event that people place a cookie on the user&#8217;s device through the visited domain.<\/div><div>subject.<\/div><\/div>\t\t\t\t\t\t\t\t<\/div>\n\t\t\t\t<\/div>\n\t\t\t\t<div class=\"elementor-element elementor-element-8d659b7 elementor-widget elementor-widget-heading\" data-id=\"8d659b7\" data-element_type=\"widget\" data-widget_type=\"heading.default\">\n\t\t\t\t<div class=\"elementor-widget-container\">\n\t\t\t\t\t<h2 class=\"elementor-heading-title elementor-size-default\">Purposes of Use of Cookies\n<\/h2>\t\t\t\t<\/div>\n\t\t\t\t<\/div>\n\t\t\t\t<div class=\"elementor-element elementor-element-10af06f elementor-widget elementor-widget-text-editor\" data-id=\"10af06f\" data-element_type=\"widget\" data-widget_type=\"text-editor.default\">\n\t\t\t\t<div class=\"elementor-widget-container\">\n\t\t\t\t\t\t\t\t\t<div><div>Law Firm, from the cookies it uses on its websites, platforms, applications, advertisements and messages,<\/div><div>a- Operational Uses: Law Office website,<\/div><div>We may use cookies that we deem necessary for the administration and security of the platform, applications and services. operational<\/div><div>Examples of cookies used for these purposes are the functions on the website, application and platforms.<\/div><div>technologies that allow the use of<\/div><div>cookies may be displayed. b- Functional Uses: Law Firm website, platform, application and<\/div><div>may use cookies to facilitate the use of its services and to customize them for users.<\/div><div>Technologies that allow us to remember user information and preferences for cookies that are used for functionality are examples.<\/div><div>c- Performance-Related Uses: Law Firm website, application, platform and services<\/div><div>Cookies can also be used to increase and measure performance related to Example of cookies used for this purpose<\/div><div>As a company, we need to understand how users use the law firm website, applications, platforms and services; and<\/div><div>interacting with the messages we send with cookies that allow us to analyze user behavior<\/div><div>d- Uses for Advertising Purposes: To our law firm or<\/div><div>advertisements and services for the interests of users on third-party websites, platforms and applications.<\/div><div>We may use related party cookies and third party cookies to transmit similar content. For advertising purposes<\/div><div>Examples of uses are cookies that measure the effectiveness of ads and whether a particular ad is clicked on or<\/div><div>Cookies showing how many times the ad has been viewed may be displayed.<\/div><\/div>\t\t\t\t\t\t\t\t<\/div>\n\t\t\t\t<\/div>\n\t\t\t\t<div class=\"elementor-element elementor-element-003d6f3 elementor-widget elementor-widget-heading\" data-id=\"003d6f3\" data-element_type=\"widget\" data-widget_type=\"heading.default\">\n\t\t\t\t<div class=\"elementor-widget-container\">\n\t\t\t\t\t<h2 class=\"elementor-heading-title elementor-size-default\">Rejecting and Deleting Cookies<\/h2>\t\t\t\t<\/div>\n\t\t\t\t<\/div>\n\t\t\t\t<div class=\"elementor-element elementor-element-5195f6d elementor-widget elementor-widget-text-editor\" data-id=\"5195f6d\" data-element_type=\"widget\" data-widget_type=\"text-editor.default\">\n\t\t\t\t<div class=\"elementor-widget-container\">\n\t\t\t\t\t\t\t\t\t<div><div>Although most browsers allow the use of cookies, users can change their browser settings at any time.<\/div><div>can reject or delete cookies. The method of changing the settings varies according to the browser used.<\/div><div>Learning from the service provider of the browser used how to disable cookies<\/div><div>required. In case of deactivation of cookies, law firm website, application, platform and<\/div><div>Some features of the services may not be available.<\/div><\/div>\t\t\t\t\t\t\t\t<\/div>\n\t\t\t\t<\/div>\n\t\t\t\t<div class=\"elementor-element elementor-element-1cbb49d elementor-widget elementor-widget-heading\" data-id=\"1cbb49d\" data-element_type=\"widget\" data-widget_type=\"heading.default\">\n\t\t\t\t<div class=\"elementor-widget-container\">\n\t\t\t\t\t<h2 class=\"elementor-heading-title elementor-size-default\">Authorized Service Providers<\/h2>\t\t\t\t<\/div>\n\t\t\t\t<\/div>\n\t\t\t\t<div class=\"elementor-element elementor-element-f979158 elementor-widget elementor-widget-text-editor\" data-id=\"f979158\" data-element_type=\"widget\" data-widget_type=\"text-editor.default\">\n\t\t\t\t<div class=\"elementor-widget-container\">\n\t\t\t\t\t\t\t\t\t<div><div>We are authorized for the execution and promotion of the law firm website, platform and applications and services.<\/div><div>we can get help from some service providers. These service providers also set cookies on users&#8217; computers\/devices.<\/div><div>and similar technologies (third party cookies) and the IP address to identify the user device,<\/div><div>will be able to collect information such as unique identifier and device identifier.<\/div><\/div>\t\t\t\t\t\t\t\t<\/div>\n\t\t\t\t<\/div>\n\t\t\t\t<div class=\"elementor-element elementor-element-fec47ac elementor-widget elementor-widget-heading\" data-id=\"fec47ac\" data-element_type=\"widget\" data-widget_type=\"heading.default\">\n\t\t\t\t<div class=\"elementor-widget-container\">\n\t\t\t\t\t<h2 class=\"elementor-heading-title elementor-size-default\">Third Party Sites, Products and Services<\/h2>\t\t\t\t<\/div>\n\t\t\t\t<\/div>\n\t\t\t\t<div class=\"elementor-element elementor-element-3318c3d elementor-widget elementor-widget-text-editor\" data-id=\"3318c3d\" data-element_type=\"widget\" data-widget_type=\"text-editor.default\">\n\t\t\t\t<div class=\"elementor-widget-container\">\n\t\t\t\t\t\t\t\t\t<div><div>Law firm websites, platforms and applications, third party websites, products and services<\/div><div>may contain related links. These links are subject to the privacy policies of third parties, and third parties and<\/div><div>third-party sites are independent of the law firm and the law firm<\/div><div>It should be noted that you are not responsible for its applications. In case of visiting the linked websites,<\/div><div>We recommend that you read the privacy policies of these sites.<\/div><\/div>\t\t\t\t\t\t\t\t<\/div>\n\t\t\t\t<\/div>\n\t\t\t\t\t<\/div>\n\t\t<\/div>\n\t\t\t\t\t<\/div>\n\t\t<\/section>\n\t\t\t\t<\/div>\n\t\t","protected":false},"excerpt":{"rendered":"<p>COOKIE POLICY COOKIE POLICY UNDER KVKK K&amp;P LEGAL LAW FIRM \/ Erdal Kardas &#8211; Yelda Topuz Kardas Partnership (\u201cLaw Firm\u201d) websites,electronic platforms, applications, or e-mail messages sent by the law firm; orwhile accessing advertisements, users&#8217; computers, mobile phones, tablets or other devices used.Small data files can be placed to record and collect certain data. computer [&hellip;]<\/p>\n","protected":false},"author":9,"featured_media":0,"parent":0,"menu_order":9,"comment_status":"closed","ping_status":"closed","template":"","meta":{"_acf_changed":false,"footnotes":""},"class_list":["post-3530","page","type-page","status-publish","hentry"],"acf":[],"yoast_head":"<!-- This site is optimized with the Yoast SEO plugin v27.5 - https:\/\/yoast.com\/product\/yoast-seo-wordpress\/ -->\n<title>Cookie Policy | K&amp;P Legal | Global Hukuk B\u00fcrosu<\/title>\n<meta name=\"robots\" content=\"index, follow, max-snippet:-1, max-image-preview:large, max-video-preview:-1\" \/>\n<link rel=\"canonical\" href=\"https:\/\/kplegal.com.tr\/en\/cookie-policy\/\" \/>\n<meta property=\"og:locale\" content=\"en_US\" \/>\n<meta property=\"og:type\" content=\"article\" \/>\n<meta property=\"og:title\" content=\"Cookie Policy | K&amp;P Legal | Global Hukuk B\u00fcrosu\" \/>\n<meta property=\"og:description\" content=\"COOKIE POLICY COOKIE POLICY UNDER KVKK K&amp;P LEGAL LAW FIRM \/ Erdal Kardas &#8211; Yelda Topuz Kardas Partnership (\u201cLaw Firm\u201d) websites,electronic platforms, applications, or e-mail messages sent by the law firm; orwhile accessing advertisements, users&#8217; computers, mobile phones, tablets or other devices used.Small data files can be placed to record and collect certain data. computer [&hellip;]\" \/>\n<meta property=\"og:url\" content=\"https:\/\/kplegal.com.tr\/en\/cookie-policy\/\" \/>\n<meta property=\"og:site_name\" content=\"K&amp;P Legal | Global Hukuk B\u00fcrosu\" \/>\n<meta property=\"article:publisher\" content=\"https:\/\/www.facebook.com\/KPLegalTurkey\" \/>\n<meta property=\"article:modified_time\" content=\"2022-06-02T12:03:20+00:00\" \/>\n<meta name=\"twitter:card\" content=\"summary_large_image\" \/>\n<meta name=\"twitter:site\" content=\"@KPLegalTurkey\" \/>\n<meta name=\"twitter:label1\" content=\"Est. reading time\" \/>\n\t<meta name=\"twitter:data1\" content=\"4 minutes\" \/>\n<script type=\"application\/ld+json\" class=\"yoast-schema-graph\">{\"@context\":\"https:\\\/\\\/schema.org\",\"@graph\":[{\"@type\":\"WebPage\",\"@id\":\"https:\\\/\\\/kplegal.com.tr\\\/en\\\/cookie-policy\\\/\",\"url\":\"https:\\\/\\\/kplegal.com.tr\\\/en\\\/cookie-policy\\\/\",\"name\":\"Cookie Policy | K&amp;P Legal | Global Hukuk B\u00fcrosu\",\"isPartOf\":{\"@id\":\"https:\\\/\\\/kplegal.com.tr\\\/en\\\/#website\"},\"datePublished\":\"2022-02-03T11:28:49+00:00\",\"dateModified\":\"2022-06-02T12:03:20+00:00\",\"breadcrumb\":{\"@id\":\"https:\\\/\\\/kplegal.com.tr\\\/en\\\/cookie-policy\\\/#breadcrumb\"},\"inLanguage\":\"en-US\",\"potentialAction\":[{\"@type\":\"ReadAction\",\"target\":[\"https:\\\/\\\/kplegal.com.tr\\\/en\\\/cookie-policy\\\/\"]}]},{\"@type\":\"BreadcrumbList\",\"@id\":\"https:\\\/\\\/kplegal.com.tr\\\/en\\\/cookie-policy\\\/#breadcrumb\",\"itemListElement\":[{\"@type\":\"ListItem\",\"position\":1,\"name\":\"Home\",\"item\":\"https:\\\/\\\/kplegal.com.tr\\\/en\\\/\"},{\"@type\":\"ListItem\",\"position\":2,\"name\":\"Cookie Policy\"}]},{\"@type\":\"WebSite\",\"@id\":\"https:\\\/\\\/kplegal.com.tr\\\/en\\\/#website\",\"url\":\"https:\\\/\\\/kplegal.com.tr\\\/en\\\/\",\"name\":\"K&amp;P Legal | Global Hukuk B\u00fcrosu\",\"description\":\"Ba\u015far\u0131ya giden yolda g\u00fcvenilir orta\u011f\u0131n\u0131z.\",\"publisher\":{\"@id\":\"https:\\\/\\\/kplegal.com.tr\\\/en\\\/#organization\"},\"potentialAction\":[{\"@type\":\"SearchAction\",\"target\":{\"@type\":\"EntryPoint\",\"urlTemplate\":\"https:\\\/\\\/kplegal.com.tr\\\/en\\\/?s={search_term_string}\"},\"query-input\":{\"@type\":\"PropertyValueSpecification\",\"valueRequired\":true,\"valueName\":\"search_term_string\"}}],\"inLanguage\":\"en-US\"},{\"@type\":\"Organization\",\"@id\":\"https:\\\/\\\/kplegal.com.tr\\\/en\\\/#organization\",\"name\":\"K&P Legal |Global Hukuk B\u00fcrosu\",\"url\":\"https:\\\/\\\/kplegal.com.tr\\\/en\\\/\",\"logo\":{\"@type\":\"ImageObject\",\"inLanguage\":\"en-US\",\"@id\":\"https:\\\/\\\/kplegal.com.tr\\\/en\\\/#\\\/schema\\\/logo\\\/image\\\/\",\"url\":\"https:\\\/\\\/kplegal.com.tr\\\/wp-content\\\/uploads\\\/2022\\\/01\\\/logo2.png\",\"contentUrl\":\"https:\\\/\\\/kplegal.com.tr\\\/wp-content\\\/uploads\\\/2022\\\/01\\\/logo2.png\",\"width\":216,\"height\":64,\"caption\":\"K&P Legal |Global Hukuk B\u00fcrosu\"},\"image\":{\"@id\":\"https:\\\/\\\/kplegal.com.tr\\\/en\\\/#\\\/schema\\\/logo\\\/image\\\/\"},\"sameAs\":[\"https:\\\/\\\/www.facebook.com\\\/KPLegalTurkey\",\"https:\\\/\\\/x.com\\\/KPLegalTurkey\",\"https:\\\/\\\/www.instagram.com\\\/kplegal_lawfirm\\\/\"]}]}<\/script>\n<!-- \/ Yoast SEO plugin. -->","yoast_head_json":{"title":"Cookie Policy | K&amp;P Legal | Global Hukuk B\u00fcrosu","robots":{"index":"index","follow":"follow","max-snippet":"max-snippet:-1","max-image-preview":"max-image-preview:large","max-video-preview":"max-video-preview:-1"},"canonical":"https:\/\/kplegal.com.tr\/en\/cookie-policy\/","og_locale":"en_US","og_type":"article","og_title":"Cookie Policy | K&amp;P Legal | Global Hukuk B\u00fcrosu","og_description":"COOKIE POLICY COOKIE POLICY UNDER KVKK K&amp;P LEGAL LAW FIRM \/ Erdal Kardas &#8211; Yelda Topuz Kardas Partnership (\u201cLaw Firm\u201d) websites,electronic platforms, applications, or e-mail messages sent by the law firm; orwhile accessing advertisements, users&#8217; computers, mobile phones, tablets or other devices used.Small data files can be placed to record and collect certain data. computer [&hellip;]","og_url":"https:\/\/kplegal.com.tr\/en\/cookie-policy\/","og_site_name":"K&amp;P Legal | Global Hukuk B\u00fcrosu","article_publisher":"https:\/\/www.facebook.com\/KPLegalTurkey","article_modified_time":"2022-06-02T12:03:20+00:00","twitter_card":"summary_large_image","twitter_site":"@KPLegalTurkey","twitter_misc":{"Est. reading time":"4 minutes"},"schema":{"@context":"https:\/\/schema.org","@graph":[{"@type":"WebPage","@id":"https:\/\/kplegal.com.tr\/en\/cookie-policy\/","url":"https:\/\/kplegal.com.tr\/en\/cookie-policy\/","name":"Cookie Policy | K&amp;P Legal | Global Hukuk B\u00fcrosu","isPartOf":{"@id":"https:\/\/kplegal.com.tr\/en\/#website"},"datePublished":"2022-02-03T11:28:49+00:00","dateModified":"2022-06-02T12:03:20+00:00","breadcrumb":{"@id":"https:\/\/kplegal.com.tr\/en\/cookie-policy\/#breadcrumb"},"inLanguage":"en-US","potentialAction":[{"@type":"ReadAction","target":["https:\/\/kplegal.com.tr\/en\/cookie-policy\/"]}]},{"@type":"BreadcrumbList","@id":"https:\/\/kplegal.com.tr\/en\/cookie-policy\/#breadcrumb","itemListElement":[{"@type":"ListItem","position":1,"name":"Home","item":"https:\/\/kplegal.com.tr\/en\/"},{"@type":"ListItem","position":2,"name":"Cookie Policy"}]},{"@type":"WebSite","@id":"https:\/\/kplegal.com.tr\/en\/#website","url":"https:\/\/kplegal.com.tr\/en\/","name":"K&amp;P Legal | Global Hukuk B\u00fcrosu","description":"Ba\u015far\u0131ya giden yolda g\u00fcvenilir orta\u011f\u0131n\u0131z.","publisher":{"@id":"https:\/\/kplegal.com.tr\/en\/#organization"},"potentialAction":[{"@type":"SearchAction","target":{"@type":"EntryPoint","urlTemplate":"https:\/\/kplegal.com.tr\/en\/?s={search_term_string}"},"query-input":{"@type":"PropertyValueSpecification","valueRequired":true,"valueName":"search_term_string"}}],"inLanguage":"en-US"},{"@type":"Organization","@id":"https:\/\/kplegal.com.tr\/en\/#organization","name":"K&P Legal |Global Hukuk B\u00fcrosu","url":"https:\/\/kplegal.com.tr\/en\/","logo":{"@type":"ImageObject","inLanguage":"en-US","@id":"https:\/\/kplegal.com.tr\/en\/#\/schema\/logo\/image\/","url":"https:\/\/kplegal.com.tr\/wp-content\/uploads\/2022\/01\/logo2.png","contentUrl":"https:\/\/kplegal.com.tr\/wp-content\/uploads\/2022\/01\/logo2.png","width":216,"height":64,"caption":"K&P Legal |Global Hukuk B\u00fcrosu"},"image":{"@id":"https:\/\/kplegal.com.tr\/en\/#\/schema\/logo\/image\/"},"sameAs":["https:\/\/www.facebook.com\/KPLegalTurkey","https:\/\/x.com\/KPLegalTurkey","https:\/\/www.instagram.com\/kplegal_lawfirm\/"]}]}},"_links":{"self":[{"href":"https:\/\/kplegal.com.tr\/en\/wp-json\/wp\/v2\/pages\/3530","targetHints":{"allow":["GET"]}}],"collection":[{"href":"https:\/\/kplegal.com.tr\/en\/wp-json\/wp\/v2\/pages"}],"about":[{"href":"https:\/\/kplegal.com.tr\/en\/wp-json\/wp\/v2\/types\/page"}],"author":[{"embeddable":true,"href":"https:\/\/kplegal.com.tr\/en\/wp-json\/wp\/v2\/users\/9"}],"replies":[{"embeddable":true,"href":"https:\/\/kplegal.com.tr\/en\/wp-json\/wp\/v2\/comments?post=3530"}],"version-history":[{"count":3,"href":"https:\/\/kplegal.com.tr\/en\/wp-json\/wp\/v2\/pages\/3530\/revisions"}],"predecessor-version":[{"id":3549,"href":"https:\/\/kplegal.com.tr\/en\/wp-json\/wp\/v2\/pages\/3530\/revisions\/3549"}],"wp:attachment":[{"href":"https:\/\/kplegal.com.tr\/en\/wp-json\/wp\/v2\/media?parent=3530"}],"curies":[{"name":"wp","href":"https:\/\/api.w.org\/{rel}","templated":true}]}}