{"id":1885,"date":"2022-01-27T11:59:04","date_gmt":"2022-01-27T08:59:04","guid":{"rendered":"https:\/\/kplegal.com.tr\/career\/"},"modified":"2022-06-09T14:36:40","modified_gmt":"2022-06-09T11:36:40","slug":"career","status":"publish","type":"page","link":"https:\/\/kplegal.com.tr\/en\/career\/","title":{"rendered":"Career"},"content":{"rendered":"\t\t<div data-elementor-type=\"wp-page\" data-elementor-id=\"1885\" class=\"elementor elementor-1885 elementor-1249\" data-elementor-post-type=\"page\">\n\t\t\t\t\t\t<section class=\"elementor-section elementor-top-section elementor-element elementor-element-4bf1396 elementor-section-full_width elementor-section-height-min-height elementor-section-content-top elementor-section-height-default elementor-section-items-middle\" data-id=\"4bf1396\" data-element_type=\"section\" data-settings=\"{&quot;background_background&quot;:&quot;classic&quot;}\">\n\t\t\t\t\t\t<div class=\"elementor-container elementor-column-gap-no\">\n\t\t\t\t\t<div class=\"elementor-column elementor-col-100 elementor-top-column elementor-element elementor-element-70bd4fd8\" data-id=\"70bd4fd8\" data-element_type=\"column\">\n\t\t\t<div class=\"elementor-widget-wrap elementor-element-populated\">\n\t\t\t\t\t\t\t<\/div>\n\t\t<\/div>\n\t\t\t\t\t<\/div>\n\t\t<\/section>\n\t\t\t\t<section class=\"elementor-section elementor-top-section elementor-element elementor-element-7b60bb9 elementor-section-boxed elementor-section-height-default elementor-section-height-default\" data-id=\"7b60bb9\" data-element_type=\"section\">\n\t\t\t\t\t\t<div class=\"elementor-container elementor-column-gap-default\">\n\t\t\t\t\t<div class=\"elementor-column elementor-col-100 elementor-top-column elementor-element elementor-element-1e8bd85\" data-id=\"1e8bd85\" data-element_type=\"column\">\n\t\t\t<div class=\"elementor-widget-wrap elementor-element-populated\">\n\t\t\t\t\t\t<div class=\"elementor-element elementor-element-5972ef6 elementor-widget elementor-widget-shortcode\" data-id=\"5972ef6\" data-element_type=\"widget\" data-widget_type=\"shortcode.default\">\n\t\t\t\t<div class=\"elementor-widget-container\">\n\t\t\t\t\t\t\t<div class=\"elementor-shortcode\">\n<div class=\"wpcf7 no-js\" id=\"wpcf7-f2202-o1\" lang=\"en-US\" dir=\"ltr\" data-wpcf7-id=\"2202\">\n<div class=\"screen-reader-response\"><p role=\"status\" aria-live=\"polite\" aria-atomic=\"true\"><\/p> <ul><\/ul><\/div>\n<form action=\"\/en\/wp-json\/wp\/v2\/pages\/1885#wpcf7-f2202-o1\" method=\"post\" class=\"wpcf7-form init\" aria-label=\"Contact form\" enctype=\"multipart\/form-data\" novalidate=\"novalidate\" data-status=\"init\">\n<fieldset class=\"hidden-fields-container\"><input type=\"hidden\" name=\"_wpcf7\" value=\"2202\" \/><input type=\"hidden\" name=\"_wpcf7_version\" value=\"6.1.5\" \/><input type=\"hidden\" name=\"_wpcf7_locale\" value=\"en_US\" \/><input type=\"hidden\" name=\"_wpcf7_unit_tag\" value=\"wpcf7-f2202-o1\" \/><input type=\"hidden\" name=\"_wpcf7_container_post\" value=\"0\" \/><input type=\"hidden\" name=\"_wpcf7_posted_data_hash\" value=\"\" \/><input type=\"hidden\" name=\"_wpcf7_recaptcha_response\" value=\"\" \/>\n<\/fieldset>\n<div class=\"panel panel-primary\">\n\t<div class=\"panel-heading\">\n\t\t<p>Open positions\n\t\t<\/p>\n\t<\/div>\n\t<div class=\"panel-body\">\n\t\t<div class=\"row row-narrow margin-bottom-5\" style=\"align-items:center;\">\n\t\t\t<div class=\"col-xs-12 col-sm-4\">\n\t\t\t\t<p><span>Position * <span class=\"pull-right hidden-xs\">:<\/span><\/span>\n\t\t\t\t<\/p>\n\t\t\t<\/div>\n\t\t\t<div class=\"col-xs-12 col-sm-8\">\n\t\t\t\t<div class=\"select-wrapper select-wrapper-form\">\n\t\t\t\t\t<p><span class=\"wpcf7-form-control-wrap\" data-name=\"career_type\"><select class=\"wpcf7-form-control wpcf7-select wpcf7-validates-as-required form-control input-sm\" id=\"career_type\" aria-required=\"true\" aria-invalid=\"false\" name=\"career_type\"><option value=\"Lawyer\">Lawyer<\/option><option value=\"Trainee Lawyer\">Trainee Lawyer<\/option><option value=\"Other\">Other<\/option><\/select><\/span>\n\t\t\t\t\t<\/p>\n\t\t\t\t<\/div>\n\t\t\t<\/div>\n\t\t<\/div>\n\t<\/div>\n<\/div>\n<div class=\"panel panel-primary\">\n\t<div class=\"panel-heading\">\n\t\t<p>Upload Resume\n\t\t<\/p>\n\t<\/div>\n\t<div class=\"panel-body\">\n\t\t<div class=\"row row-narrow margin-bottom-5\" style=\"align-items:center;\">\n\t\t\t<div class=\"col-xs-12 col-sm-4\">\n\t\t\t\t<p>File <span class=\"pull-right hidden-xs\">:<\/span>\n\t\t\t\t<\/p>\n\t\t\t<\/div>\n\t\t\t<div class=\"col-xs-12 col-sm-8\">\n\t\t\t\t<p><span class=\"wpcf7-form-control-wrap\" data-name=\"userfile\"><input size=\"40\" class=\"wpcf7-form-control wpcf7-file wpcf7-validates-as-required\" id=\"userfile\" accept=\"audio\/*,video\/*,image\/*\" aria-required=\"true\" aria-invalid=\"false\" type=\"file\" name=\"userfile\" \/><\/span>\n\t\t\t\t<\/p>\n\t\t\t<\/div>\n\t\t<\/div>\n\t<\/div>\n<\/div>\n<div class=\"panel panel-primary\">\n\t<div class=\"panel-heading\">\n\t\t<p>General Information\n\t\t<\/p>\n\t<\/div>\n\t<div class=\"panel-body\">\n\t\t<div class=\"row row-narrow margin-bottom-5\" style=\"align-items:center;\">\n\t\t\t<div class=\"col-xs-12 col-sm-4\">\n\t\t\t\t<p><span> Name Surname * <span class=\"pull-right hidden-xs\">:<\/span> <\/span>\n\t\t\t\t<\/p>\n\t\t\t<\/div>\n\t\t\t<div class=\"col-xs-12 col-sm-8\">\n\t\t\t\t<p><span class=\"wpcf7-form-control-wrap\" data-name=\"common_name_surname\"><input size=\"40\" maxlength=\"400\" class=\"wpcf7-form-control wpcf7-text wpcf7-validates-as-required form-control input-sm\" id=\"common_name_surname\" aria-required=\"true\" aria-invalid=\"false\" value=\"\" type=\"text\" name=\"common_name_surname\" \/><\/span>\n\t\t\t\t<\/p>\n\t\t\t<\/div>\n\t\t<\/div>\n\t\t<div class=\"row row-narrow margin-bottom-5\" style=\"align-items: center;\">\n\t\t\t<div class=\"col-xs-12 col-sm-4\">\n\t\t\t\t<p><span> E-Mail * <span class=\"pull-right hidden-xs\">:<\/span><\/span>\n\t\t\t\t<\/p>\n\t\t\t<\/div>\n\t\t\t<div class=\"col-xs-12 col-sm-8\">\n\t\t\t\t<p><span class=\"wpcf7-form-control-wrap\" data-name=\"common_email\"><input size=\"40\" maxlength=\"400\" class=\"wpcf7-form-control wpcf7-email wpcf7-validates-as-required wpcf7-text wpcf7-validates-as-email form-control input-sm\" id=\"common_email\" aria-required=\"true\" aria-invalid=\"false\" value=\"\" type=\"email\" name=\"common_email\" \/><\/span>\n\t\t\t\t<\/p>\n\t\t\t<\/div>\n\t\t<\/div>\n\t\t<div class=\"row row-narrow margin-bottom-5\" style=\"align-items: center;\">\n\t\t\t<div class=\"col-xs-12 col-sm-4\">\n\t\t\t\t<p><span>Cell Phone * <span class=\"pull-right hidden-xs\">:<\/span><\/span>\n\t\t\t\t<\/p>\n\t\t\t<\/div>\n\t\t\t<div class=\"col-xs-12 col-sm-8\">\n\t\t\t\t<p><span class=\"wpcf7-form-control-wrap\" data-name=\"common_mobile_phone\"><input size=\"40\" maxlength=\"400\" class=\"wpcf7-form-control wpcf7-tel wpcf7-validates-as-required wpcf7-text wpcf7-validates-as-tel form-control input-sm\" id=\"common_mobile_phone\" aria-required=\"true\" aria-invalid=\"false\" value=\"\" type=\"tel\" name=\"common_mobile_phone\" \/><\/span>\n\t\t\t\t<\/p>\n\t\t\t<\/div>\n\t\t<\/div>\n\t\t<div class=\"row row-narrow margin-bottom-5\" style=\"align-items: center;\">\n\t\t\t<div class=\"col-xs-12 col-sm-4\">\n\t\t\t\t<p><span>Date of Birth* <span class=\"pull-right hidden-xs\">:<\/span><\/span>\n\t\t\t\t<\/p>\n\t\t\t<\/div>\n\t\t\t<div class=\"col-xs-12 col-sm-8\">\n\t\t\t\t<p><span class=\"wpcf7-form-control-wrap\" data-name=\"birthday\"><input class=\"wpcf7-form-control wpcf7-date wpcf7-validates-as-required wpcf7-validates-as-date form-control input-sm\" id=\"birthday\" aria-required=\"true\" aria-invalid=\"false\" value=\"\" type=\"date\" name=\"birthday\" \/><\/span>\n\t\t\t\t<\/p>\n\t\t\t<\/div>\n\t\t<\/div>\n\t\t<div class=\"row row-narrow margin-bottom-5\" style=\"align-items: center;\">\n\t\t\t<div class=\"col-xs-12 col-sm-4\">\n\t\t\t\t<p><span>Gender* <span class=\"pull-right hidden-xs\">:<\/span><\/span>\n\t\t\t\t<\/p>\n\t\t\t<\/div>\n\t\t\t<div class=\"col-xs-12 col-sm-8\">\n\t\t\t\t<p><span class=\"wpcf7-form-control-wrap\" data-name=\"common_cins\"><select class=\"wpcf7-form-control wpcf7-select wpcf7-validates-as-required\" id=\"common_cins\" aria-required=\"true\" aria-invalid=\"false\" name=\"common_cins\"><option value=\"\">&#8212;Please choose an option&#8212;<\/option><option value=\"Male\">Male<\/option><option value=\"Female\">Female<\/option><\/select><\/span>\n\t\t\t\t<\/p>\n\t\t\t<\/div>\n\t\t<\/div>\n\t\t<div class=\"row row-narrow margin-bottom-5\" style=\"align-items: center;\">\n\t\t\t<div class=\"col-xs-12 col-sm-4\">\n\t\t\t\t<p><span>Marital Status * <span class=\"pull-right hidden-xs\">:<\/span><\/span>\n\t\t\t\t<\/p>\n\t\t\t<\/div>\n\t\t\t<div class=\"col-xs-12 col-sm-8\">\n\t\t\t\t<p><span class=\"wpcf7-form-control-wrap\" data-name=\"common_maritalStatus\"><select class=\"wpcf7-form-control wpcf7-select wpcf7-validates-as-required\" id=\"common_maritalStatus\" aria-required=\"true\" aria-invalid=\"false\" name=\"common_maritalStatus\"><option value=\"\">&#8212;Please choose an option&#8212;<\/option><option value=\"Married\">Married<\/option><option value=\"Single\">Single<\/option><\/select><\/span>\n\t\t\t\t<\/p>\n\t\t\t<\/div>\n\t\t<\/div>\n\t\t<div class=\"row row-narrow margin-bottom-5\" style=\"align-items: center;\">\n\t\t\t<div class=\"col-xs-12 col-sm-4\">\n\t\t\t\t<p><span>Military Status * <span class=\"pull-right hidden-xs\">:<\/span><\/span>\n\t\t\t\t<\/p>\n\t\t\t<\/div>\n\t\t\t<div class=\"col-xs-12 col-sm-8\">\n\t\t\t\t<p><span class=\"wpcf7-form-control-wrap\" data-name=\"common_military\"><select class=\"wpcf7-form-control wpcf7-select\" id=\"common_military\" aria-invalid=\"false\" name=\"common_military\"><option value=\"\">&#8212;Please choose an option&#8212;<\/option><option value=\"Done\">Done<\/option><option value=\"Delayed\">Delayed<\/option><option value=\"Exempted\">Exempted<\/option><\/select><\/span>\n\t\t\t\t<\/p>\n\t\t\t<\/div>\n\t\t<\/div>\n\t\t<div class=\"row row-narrow margin-bottom-5\" style=\"align-items: center;\">\n\t\t\t<div class=\"col-xs-12 col-sm-4\">\n\t\t\t\t<p><span>Driver's License * <span class=\"pull-right hidden-xs\">:<\/span><\/span>\n\t\t\t\t<\/p>\n\t\t\t<\/div>\n\t\t\t<div class=\"col-xs-12 col-sm-8\">\n\t\t\t\t<p><span class=\"wpcf7-form-control-wrap\" data-name=\"common_licence\"><select class=\"wpcf7-form-control wpcf7-select\" id=\"common_licence\" aria-invalid=\"false\" name=\"common_licence\"><option value=\"\">&#8212;Please choose an option&#8212;<\/option><option value=\"None\">None<\/option><option value=\"A1\">A1<\/option><option value=\"A2\">A2<\/option><option value=\"B\">B<\/option><option value=\"C\">C<\/option><option value=\"D\">D<\/option><option value=\"E\">E<\/option><option value=\"F\">F<\/option><option value=\"H\">H<\/option><\/select><\/span>\n\t\t\t\t<\/p>\n\t\t\t<\/div>\n\t\t<\/div>\n\t<\/div>\n<\/div>\n<div class=\"panel panel-primary\">\n\t<div class=\"panel-heading\">\n\t\t<p>Other informations\n\t\t<\/p>\n\t<\/div>\n\t<div class=\"panel-body\">\n\t\t<div class=\"row row-narrow margin-bottom-5\" style=\"align-items: center;\">\n\t\t\t<div class=\"col-xs-12 col-sm-4\">\n\t\t\t\t<p><span> Travelability * <span class=\"pull-right hidden-xs\">:<\/span><\/span>\n\t\t\t\t<\/p>\n\t\t\t<\/div>\n\t\t\t<div class=\"col-xs-12 col-sm-8\">\n\t\t\t\t<div class=\"select-wrapper select-wrapper-form\">\n\t\t\t\t\t<p><span class=\"wpcf7-form-control-wrap\" data-name=\"common_travel\"><select class=\"wpcf7-form-control wpcf7-select\" id=\"common_travel\" aria-invalid=\"false\" name=\"common_travel\"><option value=\"\">&#8212;Please choose an option&#8212;<\/option><option value=\"I can\">I can<\/option><option value=\"I can&#039;t\">I can&#039;t<\/option><\/select><\/span>\n\t\t\t\t\t<\/p>\n\t\t\t\t<\/div>\n\t\t\t<\/div>\n\t\t<\/div>\n\t\t<div class=\"row row-narrow margin-bottom-5\" style=\"align-items: center;\">\n\t\t\t<div class=\"col-xs-12 col-sm-4\">\n\t\t\t\t<p><span> Smoking* <span class=\"pull-right hidden-xs\">:<\/span><\/span>\n\t\t\t\t<\/p>\n\t\t\t<\/div>\n\t\t\t<div class=\"col-xs-12 col-sm-8\">\n\t\t\t\t<div class=\"select-wrapper select-wrapper-form\">\n\t\t\t\t\t<p><span class=\"wpcf7-form-control-wrap\" data-name=\"common_smoking\"><select class=\"wpcf7-form-control wpcf7-select\" id=\"common_smoking\" aria-invalid=\"false\" name=\"common_smoking\"><option value=\"\">&#8212;Please choose an option&#8212;<\/option><option value=\"I use\">I use<\/option><option value=\"I do not use\">I do not use<\/option><\/select><\/span>\n\t\t\t\t\t<\/p>\n\t\t\t\t<\/div>\n\t\t\t<\/div>\n\t\t<\/div>\n\t\t<div class=\"row row-narrow margin-bottom-5\" style=\"align-items: center;\">\n\t\t\t<div class=\"col-xs-12 col-sm-4\">\n\t\t\t\t<p><span>Your Expected Salary * <span class=\"pull-right hidden-xs\">:<\/span><\/span>\n\t\t\t\t<\/p>\n\t\t\t<\/div>\n\t\t\t<div class=\"col-xs-12 col-sm-8\">\n\t\t\t\t<p><span class=\"wpcf7-form-control-wrap\" data-name=\"common_payment\"><input size=\"40\" maxlength=\"400\" class=\"wpcf7-form-control wpcf7-text wpcf7-validates-as-required form-control input-sm\" id=\"common_payment\" aria-required=\"true\" aria-invalid=\"false\" value=\"\" type=\"text\" name=\"common_payment\" \/><\/span>\n\t\t\t\t<\/p>\n\t\t\t<\/div>\n\t\t<\/div>\n\t<\/div>\n<\/div>\n<div class=\"text-right\">\n\t<p><input class=\"wpcf7-form-control wpcf7-submit has-spinner btn btn-default btn-pattern\" id=\"submit_upload\" type=\"submit\" value=\"Submit Application\" \/>\n\t<\/p>\n<\/div><div class=\"wpcf7-response-output\" aria-hidden=\"true\"><\/div>\n<\/form>\n<\/div>\n<\/div>\n\t\t\t\t\t\t<\/div>\n\t\t\t\t<\/div>\n\t\t\t\t\t<\/div>\n\t\t<\/div>\n\t\t\t\t\t<\/div>\n\t\t<\/section>\n\t\t\t\t<\/div>\n\t\t","protected":false},"excerpt":{"rendered":"","protected":false},"author":9,"featured_media":0,"parent":0,"menu_order":6,"comment_status":"closed","ping_status":"closed","template":"","meta":{"_acf_changed":false,"footnotes":""},"class_list":["post-1885","page","type-page","status-publish","hentry"],"acf":[],"yoast_head":"<!-- This site is optimized with the Yoast SEO plugin v27.3 - https:\/\/yoast.com\/product\/yoast-seo-wordpress\/ -->\n<title>Career | K&amp;P Legal | Global Hukuk B\u00fcrosu<\/title>\n<meta name=\"robots\" content=\"index, follow, max-snippet:-1, max-image-preview:large, max-video-preview:-1\" \/>\n<link rel=\"canonical\" href=\"https:\/\/kplegal.com.tr\/en\/career\/\" \/>\n<meta property=\"og:locale\" content=\"en_US\" \/>\n<meta property=\"og:type\" content=\"article\" \/>\n<meta property=\"og:title\" content=\"Career | K&amp;P Legal | Global Hukuk B\u00fcrosu\" \/>\n<meta property=\"og:url\" content=\"https:\/\/kplegal.com.tr\/en\/career\/\" \/>\n<meta property=\"og:site_name\" content=\"K&amp;P Legal | Global Hukuk B\u00fcrosu\" \/>\n<meta property=\"article:publisher\" content=\"https:\/\/www.facebook.com\/KPLegalTurkey\" \/>\n<meta property=\"article:modified_time\" content=\"2022-06-09T11:36:40+00:00\" \/>\n<meta name=\"twitter:card\" content=\"summary_large_image\" \/>\n<meta name=\"twitter:site\" content=\"@KPLegalTurkey\" \/>\n<meta name=\"twitter:label1\" content=\"Est. reading time\" \/>\n\t<meta name=\"twitter:data1\" content=\"1 minute\" \/>\n<script type=\"application\/ld+json\" class=\"yoast-schema-graph\">{\"@context\":\"https:\\\/\\\/schema.org\",\"@graph\":[{\"@type\":\"WebPage\",\"@id\":\"https:\\\/\\\/kplegal.com.tr\\\/en\\\/career\\\/\",\"url\":\"https:\\\/\\\/kplegal.com.tr\\\/en\\\/career\\\/\",\"name\":\"Career | K&amp;P Legal | Global Hukuk B\u00fcrosu\",\"isPartOf\":{\"@id\":\"https:\\\/\\\/kplegal.com.tr\\\/en\\\/#website\"},\"datePublished\":\"2022-01-27T08:59:04+00:00\",\"dateModified\":\"2022-06-09T11:36:40+00:00\",\"breadcrumb\":{\"@id\":\"https:\\\/\\\/kplegal.com.tr\\\/en\\\/career\\\/#breadcrumb\"},\"inLanguage\":\"en-US\",\"potentialAction\":[{\"@type\":\"ReadAction\",\"target\":[\"https:\\\/\\\/kplegal.com.tr\\\/en\\\/career\\\/\"]}]},{\"@type\":\"BreadcrumbList\",\"@id\":\"https:\\\/\\\/kplegal.com.tr\\\/en\\\/career\\\/#breadcrumb\",\"itemListElement\":[{\"@type\":\"ListItem\",\"position\":1,\"name\":\"Home\",\"item\":\"https:\\\/\\\/kplegal.com.tr\\\/en\\\/\"},{\"@type\":\"ListItem\",\"position\":2,\"name\":\"Career\"}]},{\"@type\":\"WebSite\",\"@id\":\"https:\\\/\\\/kplegal.com.tr\\\/en\\\/#website\",\"url\":\"https:\\\/\\\/kplegal.com.tr\\\/en\\\/\",\"name\":\"K&amp;P Legal | Global Hukuk B\u00fcrosu\",\"description\":\"Ba\u015far\u0131ya giden yolda g\u00fcvenilir orta\u011f\u0131n\u0131z.\",\"publisher\":{\"@id\":\"https:\\\/\\\/kplegal.com.tr\\\/en\\\/#organization\"},\"potentialAction\":[{\"@type\":\"SearchAction\",\"target\":{\"@type\":\"EntryPoint\",\"urlTemplate\":\"https:\\\/\\\/kplegal.com.tr\\\/en\\\/?s={search_term_string}\"},\"query-input\":{\"@type\":\"PropertyValueSpecification\",\"valueRequired\":true,\"valueName\":\"search_term_string\"}}],\"inLanguage\":\"en-US\"},{\"@type\":\"Organization\",\"@id\":\"https:\\\/\\\/kplegal.com.tr\\\/en\\\/#organization\",\"name\":\"K&P Legal |Global Hukuk B\u00fcrosu\",\"url\":\"https:\\\/\\\/kplegal.com.tr\\\/en\\\/\",\"logo\":{\"@type\":\"ImageObject\",\"inLanguage\":\"en-US\",\"@id\":\"https:\\\/\\\/kplegal.com.tr\\\/en\\\/#\\\/schema\\\/logo\\\/image\\\/\",\"url\":\"https:\\\/\\\/kplegal.com.tr\\\/wp-content\\\/uploads\\\/2022\\\/01\\\/logo2.png\",\"contentUrl\":\"https:\\\/\\\/kplegal.com.tr\\\/wp-content\\\/uploads\\\/2022\\\/01\\\/logo2.png\",\"width\":216,\"height\":64,\"caption\":\"K&P Legal |Global Hukuk B\u00fcrosu\"},\"image\":{\"@id\":\"https:\\\/\\\/kplegal.com.tr\\\/en\\\/#\\\/schema\\\/logo\\\/image\\\/\"},\"sameAs\":[\"https:\\\/\\\/www.facebook.com\\\/KPLegalTurkey\",\"https:\\\/\\\/x.com\\\/KPLegalTurkey\",\"https:\\\/\\\/www.instagram.com\\\/kplegal_lawfirm\\\/\"]}]}<\/script>\n<!-- \/ Yoast SEO plugin. -->","yoast_head_json":{"title":"Career | K&amp;P Legal | Global Hukuk B\u00fcrosu","robots":{"index":"index","follow":"follow","max-snippet":"max-snippet:-1","max-image-preview":"max-image-preview:large","max-video-preview":"max-video-preview:-1"},"canonical":"https:\/\/kplegal.com.tr\/en\/career\/","og_locale":"en_US","og_type":"article","og_title":"Career | K&amp;P Legal | Global Hukuk B\u00fcrosu","og_url":"https:\/\/kplegal.com.tr\/en\/career\/","og_site_name":"K&amp;P Legal | Global Hukuk B\u00fcrosu","article_publisher":"https:\/\/www.facebook.com\/KPLegalTurkey","article_modified_time":"2022-06-09T11:36:40+00:00","twitter_card":"summary_large_image","twitter_site":"@KPLegalTurkey","twitter_misc":{"Est. reading time":"1 minute"},"schema":{"@context":"https:\/\/schema.org","@graph":[{"@type":"WebPage","@id":"https:\/\/kplegal.com.tr\/en\/career\/","url":"https:\/\/kplegal.com.tr\/en\/career\/","name":"Career | K&amp;P Legal | Global Hukuk B\u00fcrosu","isPartOf":{"@id":"https:\/\/kplegal.com.tr\/en\/#website"},"datePublished":"2022-01-27T08:59:04+00:00","dateModified":"2022-06-09T11:36:40+00:00","breadcrumb":{"@id":"https:\/\/kplegal.com.tr\/en\/career\/#breadcrumb"},"inLanguage":"en-US","potentialAction":[{"@type":"ReadAction","target":["https:\/\/kplegal.com.tr\/en\/career\/"]}]},{"@type":"BreadcrumbList","@id":"https:\/\/kplegal.com.tr\/en\/career\/#breadcrumb","itemListElement":[{"@type":"ListItem","position":1,"name":"Home","item":"https:\/\/kplegal.com.tr\/en\/"},{"@type":"ListItem","position":2,"name":"Career"}]},{"@type":"WebSite","@id":"https:\/\/kplegal.com.tr\/en\/#website","url":"https:\/\/kplegal.com.tr\/en\/","name":"K&amp;P Legal | Global Hukuk B\u00fcrosu","description":"Ba\u015far\u0131ya giden yolda g\u00fcvenilir orta\u011f\u0131n\u0131z.","publisher":{"@id":"https:\/\/kplegal.com.tr\/en\/#organization"},"potentialAction":[{"@type":"SearchAction","target":{"@type":"EntryPoint","urlTemplate":"https:\/\/kplegal.com.tr\/en\/?s={search_term_string}"},"query-input":{"@type":"PropertyValueSpecification","valueRequired":true,"valueName":"search_term_string"}}],"inLanguage":"en-US"},{"@type":"Organization","@id":"https:\/\/kplegal.com.tr\/en\/#organization","name":"K&P Legal |Global Hukuk B\u00fcrosu","url":"https:\/\/kplegal.com.tr\/en\/","logo":{"@type":"ImageObject","inLanguage":"en-US","@id":"https:\/\/kplegal.com.tr\/en\/#\/schema\/logo\/image\/","url":"https:\/\/kplegal.com.tr\/wp-content\/uploads\/2022\/01\/logo2.png","contentUrl":"https:\/\/kplegal.com.tr\/wp-content\/uploads\/2022\/01\/logo2.png","width":216,"height":64,"caption":"K&P Legal |Global Hukuk B\u00fcrosu"},"image":{"@id":"https:\/\/kplegal.com.tr\/en\/#\/schema\/logo\/image\/"},"sameAs":["https:\/\/www.facebook.com\/KPLegalTurkey","https:\/\/x.com\/KPLegalTurkey","https:\/\/www.instagram.com\/kplegal_lawfirm\/"]}]}},"_links":{"self":[{"href":"https:\/\/kplegal.com.tr\/en\/wp-json\/wp\/v2\/pages\/1885","targetHints":{"allow":["GET"]}}],"collection":[{"href":"https:\/\/kplegal.com.tr\/en\/wp-json\/wp\/v2\/pages"}],"about":[{"href":"https:\/\/kplegal.com.tr\/en\/wp-json\/wp\/v2\/types\/page"}],"author":[{"embeddable":true,"href":"https:\/\/kplegal.com.tr\/en\/wp-json\/wp\/v2\/users\/9"}],"replies":[{"embeddable":true,"href":"https:\/\/kplegal.com.tr\/en\/wp-json\/wp\/v2\/comments?post=1885"}],"version-history":[{"count":5,"href":"https:\/\/kplegal.com.tr\/en\/wp-json\/wp\/v2\/pages\/1885\/revisions"}],"predecessor-version":[{"id":3634,"href":"https:\/\/kplegal.com.tr\/en\/wp-json\/wp\/v2\/pages\/1885\/revisions\/3634"}],"wp:attachment":[{"href":"https:\/\/kplegal.com.tr\/en\/wp-json\/wp\/v2\/media?parent=1885"}],"curies":[{"name":"wp","href":"https:\/\/api.w.org\/{rel}","templated":true}]}}