{"id":1870,"date":"2022-01-23T19:41:33","date_gmt":"2022-01-23T16:41:33","guid":{"rendered":"https:\/\/kplegal.com.tr\/service-fees\/"},"modified":"2022-07-24T17:57:30","modified_gmt":"2022-07-24T14:57:30","slug":"service-fees","status":"publish","type":"page","link":"https:\/\/kplegal.com.tr\/en\/service-fees\/","title":{"rendered":"Service Fees"},"content":{"rendered":"\t\t<div data-elementor-type=\"wp-page\" data-elementor-id=\"1870\" class=\"elementor elementor-1870 elementor-545\" data-elementor-post-type=\"page\">\n\t\t\t\t\t\t<section class=\"elementor-section elementor-top-section elementor-element elementor-element-45cbddd5 elementor-section-full_width elementor-section-height-min-height elementor-section-content-top elementor-section-height-default elementor-section-items-middle\" data-id=\"45cbddd5\" data-element_type=\"section\" data-settings=\"{&quot;background_background&quot;:&quot;classic&quot;}\">\n\t\t\t\t\t\t<div class=\"elementor-container elementor-column-gap-no\">\n\t\t\t\t\t<div class=\"elementor-column elementor-col-100 elementor-top-column elementor-element elementor-element-114fd34f\" data-id=\"114fd34f\" data-element_type=\"column\">\n\t\t\t<div class=\"elementor-widget-wrap elementor-element-populated\">\n\t\t\t\t\t\t\t<\/div>\n\t\t<\/div>\n\t\t\t\t\t<\/div>\n\t\t<\/section>\n\t\t\t\t<section class=\"elementor-section elementor-top-section elementor-element elementor-element-9ed7424 elementor-section-boxed elementor-section-height-default elementor-section-height-default\" data-id=\"9ed7424\" data-element_type=\"section\">\n\t\t\t\t\t\t<div class=\"elementor-container elementor-column-gap-default\">\n\t\t\t\t\t<div class=\"elementor-column elementor-col-100 elementor-top-column elementor-element elementor-element-9fbc448\" data-id=\"9fbc448\" data-element_type=\"column\">\n\t\t\t<div class=\"elementor-widget-wrap elementor-element-populated\">\n\t\t\t\t\t\t<div class=\"elementor-element elementor-element-c9c4219 elementor-widget elementor-widget-text-editor\" data-id=\"c9c4219\" data-element_type=\"widget\" data-widget_type=\"text-editor.default\">\n\t\t\t\t<div class=\"elementor-widget-container\">\n\t\t\t\t\t\t\t\t\t<p>We, always want to give to our clients\u00a0as much clarity and certainty on our pricing proposal as we can, and also aim\u00a0to meet your\u00a0expectations.\u00a0<\/p><p>Please note that our fees will also be subject to the assumptions in each project depending on the particulars.<\/p><p>Disbursements generally include, but are not limited to, such items as long distance telephone charges, outgoing fax charges, postage, delivery charges, reproduction costs, secretarial overtime, filing fees, court charges, expert or witness fees and travel expenses. When large disbursements are anticipated or bills for them received, we may ask our clients to advance funds to cover them or to pay them directly. We bill monthly; payment is due upon receipt of our statement.<\/p><div class=\"text-shadow\"><strong>Option 1:\u00a0 \u00a0Flat rates<\/strong><\/div><div class=\"text-shadow\">\u00a0<\/div><p>We can provide a flat fee on the monthly bases for the continuous legal services or for any specific project or for all kinds of legal advises following a request received from the Client..<\/p><p>In this option, Client pays a flat fee per month as a legal consultancy fee to the Attorney without any time limit and calculation, in return of the services within the context of the retainer agreement. This amount determines by the parties, according to the legal services which client needs and together with the value according to the Bar Association\u2019s minimum attorney-ship fee tariff.<\/p><p>In this option, outside from the scope of the consultancy service, the fees for the litigation and execution proceedings shall be paid by means of making out self-employment invoice having the value of being compatible with the minimum wage set by\u00a0the Bar\u00a0Association according to the Bar Association\u2019s minimum attorney-ship fee tariff.<\/p><div class=\"text-shadow\"><strong>Option 2:\u00a0 \u00a0Hourly rates<\/strong><\/div><div class=\"text-shadow\">\u00a0<\/div><p>We also provide our services based on our standard hourly rates, if the potential client company desires.<\/p><p>If you need a law firm with a good reputation having wide working area in Turkey, K&amp;P Legal is one of the best options you may have. We promise you to ensure the absolute customer satisfaction by working us. \u00a0\u00a0If you would like to work with us we are ready to submit our letter of proposal according to your company\u2019s needs.<\/p>\t\t\t\t\t\t\t\t<\/div>\n\t\t\t\t<\/div>\n\t\t\t\t\t<\/div>\n\t\t<\/div>\n\t\t\t\t\t<\/div>\n\t\t<\/section>\n\t\t\t\t<\/div>\n\t\t","protected":false},"excerpt":{"rendered":"<p>We, always want to give to our clients\u00a0as much clarity and certainty on our pricing proposal as we can, and also aim\u00a0to meet your\u00a0expectations.\u00a0 Please note that our fees will also be subject to the assumptions in each project depending on the particulars. Disbursements generally include, but are not limited to, such items as long [&hellip;]<\/p>\n","protected":false},"author":9,"featured_media":0,"parent":0,"menu_order":13,"comment_status":"closed","ping_status":"closed","template":"","meta":{"_acf_changed":false,"footnotes":""},"class_list":["post-1870","page","type-page","status-publish","hentry"],"acf":[],"yoast_head":"<!-- This site is optimized with the Yoast SEO plugin v27.4 - https:\/\/yoast.com\/product\/yoast-seo-wordpress\/ -->\n<title>Service Fees | K&amp;P Legal | Global Hukuk B\u00fcrosu<\/title>\n<meta name=\"description\" content=\"Lawyer Services and Legal Consultancy service fees are based on the fee schedule published by the Bar Association every year.\" \/>\n<meta name=\"robots\" content=\"index, follow, max-snippet:-1, max-image-preview:large, max-video-preview:-1\" \/>\n<link rel=\"canonical\" href=\"https:\/\/kplegal.com.tr\/en\/service-fees\/\" \/>\n<meta property=\"og:locale\" content=\"en_US\" \/>\n<meta property=\"og:type\" content=\"article\" \/>\n<meta property=\"og:title\" content=\"Service Fees | K&amp;P Legal | Global Hukuk B\u00fcrosu\" \/>\n<meta property=\"og:description\" content=\"Lawyer Services and Legal Consultancy service fees are based on the fee schedule published by the Bar Association every year.\" \/>\n<meta property=\"og:url\" content=\"https:\/\/kplegal.com.tr\/en\/service-fees\/\" \/>\n<meta property=\"og:site_name\" content=\"K&amp;P Legal | Global Hukuk B\u00fcrosu\" \/>\n<meta property=\"article:publisher\" content=\"https:\/\/www.facebook.com\/KPLegalTurkey\" \/>\n<meta property=\"article:modified_time\" content=\"2022-07-24T14:57:30+00:00\" \/>\n<meta name=\"twitter:card\" content=\"summary_large_image\" \/>\n<meta name=\"twitter:site\" content=\"@KPLegalTurkey\" \/>\n<meta name=\"twitter:label1\" content=\"Est. reading time\" \/>\n\t<meta name=\"twitter:data1\" content=\"2 minutes\" \/>\n<script type=\"application\/ld+json\" class=\"yoast-schema-graph\">{\"@context\":\"https:\\\/\\\/schema.org\",\"@graph\":[{\"@type\":\"WebPage\",\"@id\":\"https:\\\/\\\/kplegal.com.tr\\\/en\\\/service-fees\\\/\",\"url\":\"https:\\\/\\\/kplegal.com.tr\\\/en\\\/service-fees\\\/\",\"name\":\"Service Fees | K&amp;P Legal | Global Hukuk B\u00fcrosu\",\"isPartOf\":{\"@id\":\"https:\\\/\\\/kplegal.com.tr\\\/en\\\/#website\"},\"datePublished\":\"2022-01-23T16:41:33+00:00\",\"dateModified\":\"2022-07-24T14:57:30+00:00\",\"description\":\"Lawyer Services and Legal Consultancy service fees are based on the fee schedule published by the Bar Association every year.\",\"breadcrumb\":{\"@id\":\"https:\\\/\\\/kplegal.com.tr\\\/en\\\/service-fees\\\/#breadcrumb\"},\"inLanguage\":\"en-US\",\"potentialAction\":[{\"@type\":\"ReadAction\",\"target\":[\"https:\\\/\\\/kplegal.com.tr\\\/en\\\/service-fees\\\/\"]}]},{\"@type\":\"BreadcrumbList\",\"@id\":\"https:\\\/\\\/kplegal.com.tr\\\/en\\\/service-fees\\\/#breadcrumb\",\"itemListElement\":[{\"@type\":\"ListItem\",\"position\":1,\"name\":\"Home\",\"item\":\"https:\\\/\\\/kplegal.com.tr\\\/en\\\/\"},{\"@type\":\"ListItem\",\"position\":2,\"name\":\"Service Fees\"}]},{\"@type\":\"WebSite\",\"@id\":\"https:\\\/\\\/kplegal.com.tr\\\/en\\\/#website\",\"url\":\"https:\\\/\\\/kplegal.com.tr\\\/en\\\/\",\"name\":\"K&amp;P Legal | Global Hukuk B\u00fcrosu\",\"description\":\"Ba\u015far\u0131ya giden yolda g\u00fcvenilir orta\u011f\u0131n\u0131z.\",\"publisher\":{\"@id\":\"https:\\\/\\\/kplegal.com.tr\\\/en\\\/#organization\"},\"potentialAction\":[{\"@type\":\"SearchAction\",\"target\":{\"@type\":\"EntryPoint\",\"urlTemplate\":\"https:\\\/\\\/kplegal.com.tr\\\/en\\\/?s={search_term_string}\"},\"query-input\":{\"@type\":\"PropertyValueSpecification\",\"valueRequired\":true,\"valueName\":\"search_term_string\"}}],\"inLanguage\":\"en-US\"},{\"@type\":\"Organization\",\"@id\":\"https:\\\/\\\/kplegal.com.tr\\\/en\\\/#organization\",\"name\":\"K&P Legal |Global Hukuk B\u00fcrosu\",\"url\":\"https:\\\/\\\/kplegal.com.tr\\\/en\\\/\",\"logo\":{\"@type\":\"ImageObject\",\"inLanguage\":\"en-US\",\"@id\":\"https:\\\/\\\/kplegal.com.tr\\\/en\\\/#\\\/schema\\\/logo\\\/image\\\/\",\"url\":\"https:\\\/\\\/kplegal.com.tr\\\/wp-content\\\/uploads\\\/2022\\\/01\\\/logo2.png\",\"contentUrl\":\"https:\\\/\\\/kplegal.com.tr\\\/wp-content\\\/uploads\\\/2022\\\/01\\\/logo2.png\",\"width\":216,\"height\":64,\"caption\":\"K&P Legal |Global Hukuk B\u00fcrosu\"},\"image\":{\"@id\":\"https:\\\/\\\/kplegal.com.tr\\\/en\\\/#\\\/schema\\\/logo\\\/image\\\/\"},\"sameAs\":[\"https:\\\/\\\/www.facebook.com\\\/KPLegalTurkey\",\"https:\\\/\\\/x.com\\\/KPLegalTurkey\",\"https:\\\/\\\/www.instagram.com\\\/kplegal_lawfirm\\\/\"]}]}<\/script>\n<!-- \/ Yoast SEO plugin. -->","yoast_head_json":{"title":"Service Fees | K&amp;P Legal | Global Hukuk B\u00fcrosu","description":"Lawyer Services and Legal Consultancy service fees are based on the fee schedule published by the Bar Association every year.","robots":{"index":"index","follow":"follow","max-snippet":"max-snippet:-1","max-image-preview":"max-image-preview:large","max-video-preview":"max-video-preview:-1"},"canonical":"https:\/\/kplegal.com.tr\/en\/service-fees\/","og_locale":"en_US","og_type":"article","og_title":"Service Fees | K&amp;P Legal | Global Hukuk B\u00fcrosu","og_description":"Lawyer Services and Legal Consultancy service fees are based on the fee schedule published by the Bar Association every year.","og_url":"https:\/\/kplegal.com.tr\/en\/service-fees\/","og_site_name":"K&amp;P Legal | Global Hukuk B\u00fcrosu","article_publisher":"https:\/\/www.facebook.com\/KPLegalTurkey","article_modified_time":"2022-07-24T14:57:30+00:00","twitter_card":"summary_large_image","twitter_site":"@KPLegalTurkey","twitter_misc":{"Est. reading time":"2 minutes"},"schema":{"@context":"https:\/\/schema.org","@graph":[{"@type":"WebPage","@id":"https:\/\/kplegal.com.tr\/en\/service-fees\/","url":"https:\/\/kplegal.com.tr\/en\/service-fees\/","name":"Service Fees | K&amp;P Legal | Global Hukuk B\u00fcrosu","isPartOf":{"@id":"https:\/\/kplegal.com.tr\/en\/#website"},"datePublished":"2022-01-23T16:41:33+00:00","dateModified":"2022-07-24T14:57:30+00:00","description":"Lawyer Services and Legal Consultancy service fees are based on the fee schedule published by the Bar Association every year.","breadcrumb":{"@id":"https:\/\/kplegal.com.tr\/en\/service-fees\/#breadcrumb"},"inLanguage":"en-US","potentialAction":[{"@type":"ReadAction","target":["https:\/\/kplegal.com.tr\/en\/service-fees\/"]}]},{"@type":"BreadcrumbList","@id":"https:\/\/kplegal.com.tr\/en\/service-fees\/#breadcrumb","itemListElement":[{"@type":"ListItem","position":1,"name":"Home","item":"https:\/\/kplegal.com.tr\/en\/"},{"@type":"ListItem","position":2,"name":"Service Fees"}]},{"@type":"WebSite","@id":"https:\/\/kplegal.com.tr\/en\/#website","url":"https:\/\/kplegal.com.tr\/en\/","name":"K&amp;P Legal | Global Hukuk B\u00fcrosu","description":"Ba\u015far\u0131ya giden yolda g\u00fcvenilir orta\u011f\u0131n\u0131z.","publisher":{"@id":"https:\/\/kplegal.com.tr\/en\/#organization"},"potentialAction":[{"@type":"SearchAction","target":{"@type":"EntryPoint","urlTemplate":"https:\/\/kplegal.com.tr\/en\/?s={search_term_string}"},"query-input":{"@type":"PropertyValueSpecification","valueRequired":true,"valueName":"search_term_string"}}],"inLanguage":"en-US"},{"@type":"Organization","@id":"https:\/\/kplegal.com.tr\/en\/#organization","name":"K&P Legal |Global Hukuk B\u00fcrosu","url":"https:\/\/kplegal.com.tr\/en\/","logo":{"@type":"ImageObject","inLanguage":"en-US","@id":"https:\/\/kplegal.com.tr\/en\/#\/schema\/logo\/image\/","url":"https:\/\/kplegal.com.tr\/wp-content\/uploads\/2022\/01\/logo2.png","contentUrl":"https:\/\/kplegal.com.tr\/wp-content\/uploads\/2022\/01\/logo2.png","width":216,"height":64,"caption":"K&P Legal |Global Hukuk B\u00fcrosu"},"image":{"@id":"https:\/\/kplegal.com.tr\/en\/#\/schema\/logo\/image\/"},"sameAs":["https:\/\/www.facebook.com\/KPLegalTurkey","https:\/\/x.com\/KPLegalTurkey","https:\/\/www.instagram.com\/kplegal_lawfirm\/"]}]}},"_links":{"self":[{"href":"https:\/\/kplegal.com.tr\/en\/wp-json\/wp\/v2\/pages\/1870","targetHints":{"allow":["GET"]}}],"collection":[{"href":"https:\/\/kplegal.com.tr\/en\/wp-json\/wp\/v2\/pages"}],"about":[{"href":"https:\/\/kplegal.com.tr\/en\/wp-json\/wp\/v2\/types\/page"}],"author":[{"embeddable":true,"href":"https:\/\/kplegal.com.tr\/en\/wp-json\/wp\/v2\/users\/9"}],"replies":[{"embeddable":true,"href":"https:\/\/kplegal.com.tr\/en\/wp-json\/wp\/v2\/comments?post=1870"}],"version-history":[{"count":5,"href":"https:\/\/kplegal.com.tr\/en\/wp-json\/wp\/v2\/pages\/1870\/revisions"}],"predecessor-version":[{"id":3826,"href":"https:\/\/kplegal.com.tr\/en\/wp-json\/wp\/v2\/pages\/1870\/revisions\/3826"}],"wp:attachment":[{"href":"https:\/\/kplegal.com.tr\/en\/wp-json\/wp\/v2\/media?parent=1870"}],"curies":[{"name":"wp","href":"https:\/\/api.w.org\/{rel}","templated":true}]}}